{"id":12,"date":"2024-04-25T11:30:58","date_gmt":"2024-04-25T09:30:58","guid":{"rendered":"https:\/\/douzedixrecrutement.fr\/?page_id=12"},"modified":"2025-09-05T11:40:26","modified_gmt":"2025-09-05T09:40:26","slug":"cabinet-de-recrutement-des-ingenieurs-techniciens-en-industrie-4","status":"publish","type":"page","link":"https:\/\/douzedixrecrutement.fr\/index.php\/cabinet-de-recrutement-des-ingenieurs-techniciens-en-industrie-4\/","title":{"rendered":"Contact"},"content":{"rendered":"\t\t<div data-elementor-type=\"wp-page\" data-elementor-id=\"12\" class=\"elementor elementor-12\">\n\t\t\t\t<div class=\"elementor-element elementor-element-4499c76 e-con-full e-flex e-con e-parent\" data-id=\"4499c76\" data-element_type=\"container\">\n\t\t\t\t<div class=\"elementor-element elementor-element-c5d8db9 elementor-widget elementor-widget-spacer\" data-id=\"c5d8db9\" data-element_type=\"widget\" data-widget_type=\"spacer.default\">\n\t\t\t\t<div class=\"elementor-widget-container\">\n\t\t\t<style>\/*! elementor - v3.21.0 - 24-04-2024 *\/\n.elementor-column .elementor-spacer-inner{height:var(--spacer-size)}.e-con{--container-widget-width:100%}.e-con-inner>.elementor-widget-spacer,.e-con>.elementor-widget-spacer{width:var(--container-widget-width,var(--spacer-size));--align-self:var(--container-widget-align-self,initial);--flex-shrink:0}.e-con-inner>.elementor-widget-spacer>.elementor-widget-container,.e-con>.elementor-widget-spacer>.elementor-widget-container{height:100%;width:100%}.e-con-inner>.elementor-widget-spacer>.elementor-widget-container>.elementor-spacer,.e-con>.elementor-widget-spacer>.elementor-widget-container>.elementor-spacer{height:100%}.e-con-inner>.elementor-widget-spacer>.elementor-widget-container>.elementor-spacer>.elementor-spacer-inner,.e-con>.elementor-widget-spacer>.elementor-widget-container>.elementor-spacer>.elementor-spacer-inner{height:var(--container-widget-height,var(--spacer-size))}.e-con-inner>.elementor-widget-spacer.elementor-widget-empty,.e-con>.elementor-widget-spacer.elementor-widget-empty{position:relative;min-height:22px;min-width:22px}.e-con-inner>.elementor-widget-spacer.elementor-widget-empty .elementor-widget-empty-icon,.e-con>.elementor-widget-spacer.elementor-widget-empty .elementor-widget-empty-icon{position:absolute;top:0;bottom:0;left:0;right:0;margin:auto;padding:0;width:22px;height:22px}<\/style>\t\t<div class=\"elementor-spacer\">\n\t\t\t<div class=\"elementor-spacer-inner\"><\/div>\n\t\t<\/div>\n\t\t\t\t<\/div>\n\t\t\t\t<\/div>\n\t\t\t\t<div class=\"elementor-element elementor-element-862593b elementor-widget elementor-widget-heading\" data-id=\"862593b\" data-element_type=\"widget\" data-widget_type=\"heading.default\">\n\t\t\t\t<div class=\"elementor-widget-container\">\n\t\t\t<style>\/*! elementor - v3.21.0 - 24-04-2024 *\/\n.elementor-heading-title{padding:0;margin:0;line-height:1}.elementor-widget-heading .elementor-heading-title[class*=elementor-size-]>a{color:inherit;font-size:inherit;line-height:inherit}.elementor-widget-heading .elementor-heading-title.elementor-size-small{font-size:15px}.elementor-widget-heading .elementor-heading-title.elementor-size-medium{font-size:19px}.elementor-widget-heading .elementor-heading-title.elementor-size-large{font-size:29px}.elementor-widget-heading .elementor-heading-title.elementor-size-xl{font-size:39px}.elementor-widget-heading .elementor-heading-title.elementor-size-xxl{font-size:59px}<\/style><h2 class=\"elementor-heading-title elementor-size-default\">Formulaire de contact Douze dix recrutement<\/h2>\t\t<\/div>\n\t\t\t\t<\/div>\n\t\t\t\t<div class=\"elementor-element elementor-element-2eb2b14 elementor-widget elementor-widget-spacer\" data-id=\"2eb2b14\" data-element_type=\"widget\" data-widget_type=\"spacer.default\">\n\t\t\t\t<div class=\"elementor-widget-container\">\n\t\t\t\t\t<div class=\"elementor-spacer\">\n\t\t\t<div class=\"elementor-spacer-inner\"><\/div>\n\t\t<\/div>\n\t\t\t\t<\/div>\n\t\t\t\t<\/div>\n\t\t\t\t<div class=\"elementor-element elementor-element-ba3cffa elementor-widget elementor-widget-text-editor\" data-id=\"ba3cffa\" data-element_type=\"widget\" data-widget_type=\"text-editor.default\">\n\t\t\t\t<div class=\"elementor-widget-container\">\n\t\t\t<style>\/*! elementor - v3.21.0 - 24-04-2024 *\/\n.elementor-widget-text-editor.elementor-drop-cap-view-stacked .elementor-drop-cap{background-color:#69727d;color:#fff}.elementor-widget-text-editor.elementor-drop-cap-view-framed .elementor-drop-cap{color:#69727d;border:3px solid;background-color:transparent}.elementor-widget-text-editor:not(.elementor-drop-cap-view-default) .elementor-drop-cap{margin-top:8px}.elementor-widget-text-editor:not(.elementor-drop-cap-view-default) .elementor-drop-cap-letter{width:1em;height:1em}.elementor-widget-text-editor .elementor-drop-cap{float:left;text-align:center;line-height:1;font-size:50px}.elementor-widget-text-editor .elementor-drop-cap-letter{display:inline-block}<\/style>\t\t\t\t<p>Que vous soyez client(e) ou candidat(e), vous pouvez nous contacter via ce formulaire.<\/p><p>Pour faciliter les \u00e9changes, n&rsquo;h\u00e9sitez pas \u00e0 indiquer vos coordonn\u00e9es t\u00e9l\u00e9phoniques et pr\u00e9ciser l&rsquo;objet de votre demande.<\/p>\t\t\t\t\t\t<\/div>\n\t\t\t\t<\/div>\n\t\t\t\t<div class=\"elementor-element elementor-element-e492faf elementor-widget elementor-widget-menu-anchor\" data-id=\"e492faf\" data-element_type=\"widget\" data-widget_type=\"menu-anchor.default\">\n\t\t\t\t<div class=\"elementor-widget-container\">\n\t\t\t<style>\/*! elementor - v3.21.0 - 24-04-2024 *\/\nbody.elementor-page .elementor-widget-menu-anchor{margin-bottom:0}<\/style>\t\t<div class=\"elementor-menu-anchor\" id=\"liencontact\"><\/div>\n\t\t\t\t<\/div>\n\t\t\t\t<\/div>\n\t\t\t\t<div class=\"elementor-element elementor-element-589bc0e elementor-widget elementor-widget-spacer\" data-id=\"589bc0e\" data-element_type=\"widget\" data-widget_type=\"spacer.default\">\n\t\t\t\t<div class=\"elementor-widget-container\">\n\t\t\t\t\t<div class=\"elementor-spacer\">\n\t\t\t<div class=\"elementor-spacer-inner\"><\/div>\n\t\t<\/div>\n\t\t\t\t<\/div>\n\t\t\t\t<\/div>\n\t\t\t\t<\/div>\n\t\t<div class=\"elementor-element elementor-element-9e12194 e-flex e-con-boxed e-con e-parent\" data-id=\"9e12194\" data-element_type=\"container\">\n\t\t\t\t\t<div class=\"e-con-inner\">\n\t\t\t\t<div class=\"elementor-element elementor-element-2833c02 elementor-widget__width-initial elementor-widget elementor-widget-formidable\" data-id=\"2833c02\" data-element_type=\"widget\" data-widget_type=\"formidable.default\">\n\t\t\t\t<div class=\"elementor-widget-container\">\n\t\t\t<div class=\"frm_forms  with_frm_style frm_style_style-formidable\" id=\"frm_form_2_container\" data-token=\"0f151c7821515b54d7ca863c557289e6\">\n<form enctype=\"multipart\/form-data\" method=\"post\" class=\"frm-show-form \" id=\"form_formulaire-de-contact\"  data-token=\"0f151c7821515b54d7ca863c557289e6\">\n<div class=\"frm_form_fields \">\n<fieldset>\n<legend class=\"frm_screen_reader\">formulaire de contact<\/legend>\r\n\r\n<div class=\"frm_fields_container\">\n<input type=\"hidden\" name=\"frm_action\" value=\"create\" \/>\n<input type=\"hidden\" name=\"form_id\" value=\"2\" \/>\n<input type=\"hidden\" name=\"frm_hide_fields_2\" id=\"frm_hide_fields_2\" value=\"\" \/>\n<input type=\"hidden\" name=\"form_key\" value=\"formulaire-de-contact\" \/>\n<input type=\"hidden\" name=\"item_meta[0]\" value=\"\" \/>\n<input type=\"hidden\" id=\"frm_submit_entry_2\" name=\"frm_submit_entry_2\" value=\"047a17e9a4\" \/><input type=\"hidden\" name=\"_wp_http_referer\" value=\"\/index.php\/wp-json\/wp\/v2\/pages\/12\" \/><div id=\"frm_field_8_container\" class=\"frm_form_field form-field  frm_required_field frm_top_container frm6 frm_first\">\r\n\t<label for=\"field_3r00b\" id=\"field_3r00b_label\" class=\"frm_primary_label\">Nom\r\n\t\t<span class=\"frm_required\" aria-hidden=\"true\">*<\/span>\r\n\t<\/label>\r\n\t<input type=\"text\" id=\"field_3r00b\" name=\"item_meta[8]\" value=\"\"  data-reqmsg=\"Nom cannot be blank.\" aria-required=\"true\" data-invmsg=\"Nom est non valide\" aria-invalid=\"false\"  \/>\r\n\t\r\n\t\r\n<\/div>\n<div id=\"frm_field_7_container\" class=\"frm_form_field form-field  frm_required_field frm_top_container frm6\">\r\n\t<label for=\"field_qhq60\" id=\"field_qhq60_label\" class=\"frm_primary_label\">Pr\u00e9nom\r\n\t\t<span class=\"frm_required\" aria-hidden=\"true\">*<\/span>\r\n\t<\/label>\r\n\t<input type=\"text\" id=\"field_qhq60\" name=\"item_meta[7]\" value=\"\"  data-reqmsg=\"Pr\u00e9nom cannot be blank.\" aria-required=\"true\" data-invmsg=\"Pr\u00e9nom est non valide\" aria-invalid=\"false\"  \/>\r\n\t\r\n\t\r\n<\/div>\n<div id=\"frm_field_11_container\" class=\"frm_form_field form-field  frm_top_container\">\r\n\t<label for=\"field_pqa07\" id=\"field_pqa07_label\" class=\"frm_primary_label\">Entreprise\r\n\t\t<span class=\"frm_required\" aria-hidden=\"true\"><\/span>\r\n\t<\/label>\r\n\t<input type=\"text\" id=\"field_pqa07\" name=\"item_meta[11]\" value=\"\"  data-invmsg=\"Entreprise est non valide\" aria-invalid=\"false\"  \/>\r\n\t\r\n\t\r\n<\/div>\n<div id=\"frm_field_13_container\" class=\"frm_form_field form-field  frm_top_container\">\r\n\t<label for=\"field_lo0ce\" id=\"field_lo0ce_label\" class=\"frm_primary_label\">T\u00e9l\u00e9phone\r\n\t\t<span class=\"frm_required\" aria-hidden=\"true\"><\/span>\r\n\t<\/label>\r\n\t<input type=\"tel\" id=\"field_lo0ce\" name=\"item_meta[13]\" value=\"\"  data-invmsg=\"T\u00e9l\u00e9phone est non valide\" aria-invalid=\"false\" pattern=\"((\\+\\d{1,3}(-|.| )?\\(?\\d\\)?(-| |.)?\\d{1,5})|(\\(?\\d{2,6}\\)?))(-|.| )?(\\d{3,4})(-|.| )?(\\d{4})(( x| ext)\\d{1,5}){0,1}$\"  \/>\r\n\t\r\n\t\r\n<\/div>\n<div id=\"frm_field_10_container\" class=\"frm_form_field form-field  frm_required_field frm_top_container\">\r\n\t<label for=\"field_pp72n\" id=\"field_pp72n_label\" class=\"frm_primary_label\">Email\r\n\t\t<span class=\"frm_required\" aria-hidden=\"true\">*<\/span>\r\n\t<\/label>\r\n\t<input type=\"email\" id=\"field_pp72n\" name=\"item_meta[10]\" value=\"\"  data-reqmsg=\"Email cannot be blank.\" aria-required=\"true\" data-invmsg=\"Email est non valide\" aria-invalid=\"false\"  \/>\r\n\t\r\n\t\r\n<\/div>\n<div id=\"frm_field_12_container\" class=\"frm_form_field form-field  frm_top_container\">\r\n\t<label for=\"field_cgp7b\" id=\"field_cgp7b_label\" class=\"frm_primary_label\">Message\r\n\t\t<span class=\"frm_required\" aria-hidden=\"true\"><\/span>\r\n\t<\/label>\r\n\t<textarea name=\"item_meta[12]\" id=\"field_cgp7b\" rows=\"5\"  placeholder=\"Vous pourrez pr\u00e9ciser les principales informations relatives \u00e0 votre demande.\r\nSi vous souhaitez \u00eatre recontact\u00e9, n&#039;oubliez pas d&#039;indiquer vos coordonn\u00e9es.\" data-invmsg=\"Message est non valide\" aria-invalid=\"false\"  ><\/textarea>\r\n\t\r\n\t\r\n<\/div>\n<div id=\"frm_field_6_container\" class=\"frm_form_field form-field  frm12 frm_first\">\r\n\t<div class=\"frm_submit frm_flex\">\r\n<button class=\"frm_button_submit\" type=\"submit\"  >Envoyer<\/button>\r\n\r\n\r\n\r\n<\/div>\r\n<\/div>\n\t<input type=\"hidden\" name=\"item_key\" value=\"\" \/>\n\t\t\t\t<div class=\"frm__662bbf7b35b1e\">\n\t\t\t\t<label for=\"frm_email_2\" >\n\t\t\t\t\tSi vous \u00eates un humain, ne remplissez pas ce champ.\t\t\t\t<\/label>\n\t\t\t\t<input  id=\"frm_email_2\" type=\"text\" class=\"frm_verify\" name=\"frm__662bbf7b35b1e\" value=\"\" autocomplete=\"false\"  \/>\n\t\t\t<\/div>\n\t\t<\/div>\n<\/fieldset>\n<\/div>\n<\/form>\n<\/div>\n\t\t<\/div>\n\t\t\t\t<\/div>\n\t\t\t\t\t<\/div>\n\t\t\t\t<\/div>\n\t\t<div class=\"elementor-element elementor-element-140510b e-flex e-con-boxed e-con e-parent\" data-id=\"140510b\" data-element_type=\"container\">\n\t\t\t\t\t<div class=\"e-con-inner\">\n\t\t\t\t<div class=\"elementor-element elementor-element-5881ba8 elementor-widget elementor-widget-spacer\" data-id=\"5881ba8\" data-element_type=\"widget\" data-widget_type=\"spacer.default\">\n\t\t\t\t<div class=\"elementor-widget-container\">\n\t\t\t\t\t<div class=\"elementor-spacer\">\n\t\t\t<div class=\"elementor-spacer-inner\"><\/div>\n\t\t<\/div>\n\t\t\t\t<\/div>\n\t\t\t\t<\/div>\n\t\t\t\t<div class=\"elementor-element elementor-element-ccfe0ba elementor-widget elementor-widget-text-editor\" data-id=\"ccfe0ba\" data-element_type=\"widget\" data-widget_type=\"text-editor.default\">\n\t\t\t\t<div class=\"elementor-widget-container\">\n\t\t\t\t\t\t\t<p>Douze dix recrutement traite les donn\u00e9es \u00e0 caract\u00e8re personnel recueillies pour vous recontacter. Ces donn\u00e9es nous permettent de g\u00e9rer les campagnes de recrutement de nos client(e)s et les campagnes de recherche d&#8217;emploi de nos candidat(e)s.<\/p><p>Ce traitement est r\u00e9alis\u00e9 dans une optique professionnelle, l&rsquo;entreprise Douze dix recrutement exer\u00e7ant dans le secteur du recrutement, r\u00e9f\u00e9renc\u00e9 dans la nomenclature nationale d&rsquo;activit\u00e9s Fran\u00e7aise sous le code APE 7810Z, et ayant comme positionnement principal : \u00ab\u00a0cabinet de recrutement Ing\u00e9nieur(e)s &amp; Technicien(ne)s\u00a0\u00bb.<\/p><p>Vous disposez d\u2019un droit d\u2019acc\u00e8s, de rectification, d\u2019effacement de vos donn\u00e9es ainsi qu\u2019\u00e0 la limitation et l\u2019opposition au traitement dans les conditions fix\u00e9es par la loi. Vous pouvez exercer ces droits \u00e0 l\u2019adresse suivante : julien.foucher@douzedixrecrutement.fr<\/p><p>Vous trouverez l&rsquo;ensemble des informations sur le traitement de donn\u00e9es \u00e0 caract\u00e8re personnel en cliquant <a href=\"https:\/\/douzedixrecrutement.fr\/index.php\/cabinet-de-recrutement-des-ingenieurs-techniciens-en-industrie-5\/\">ici.<\/a><\/p>\t\t\t\t\t\t<\/div>\n\t\t\t\t<\/div>\n\t\t\t\t<div class=\"elementor-element elementor-element-3ae0686 elementor-widget elementor-widget-spacer\" data-id=\"3ae0686\" data-element_type=\"widget\" data-widget_type=\"spacer.default\">\n\t\t\t\t<div class=\"elementor-widget-container\">\n\t\t\t\t\t<div class=\"elementor-spacer\">\n\t\t\t<div class=\"elementor-spacer-inner\"><\/div>\n\t\t<\/div>\n\t\t\t\t<\/div>\n\t\t\t\t<\/div>\n\t\t\t\t\t<\/div>\n\t\t\t\t<\/div>\n\t\t\t\t<\/div>\n\t\t","protected":false},"excerpt":{"rendered":"<p>Formulaire de contact Douze dix recrutement Que vous soyez client(e) ou candidat(e), vous pouvez nous contacter via ce formulaire. Pour faciliter les \u00e9changes, n&rsquo;h\u00e9sitez pas \u00e0 indiquer vos coordonn\u00e9es t\u00e9l\u00e9phoniques et pr\u00e9ciser l&rsquo;objet de votre demande. formulaire de contact Nom * Pr\u00e9nom * Entreprise T\u00e9l\u00e9phone Email * Message Envoyer Si vous \u00eates un humain, ne [&hellip;]<\/p>\n","protected":false},"author":1,"featured_media":0,"parent":0,"menu_order":0,"comment_status":"closed","ping_status":"closed","template":"","meta":{"ocean_post_layout":"","ocean_both_sidebars_style":"","ocean_both_sidebars_content_width":0,"ocean_both_sidebars_sidebars_width":0,"ocean_sidebar":"","ocean_second_sidebar":"","ocean_disable_margins":"enable","ocean_add_body_class":"","ocean_shortcode_before_top_bar":"","ocean_shortcode_after_top_bar":"","ocean_shortcode_before_header":"","ocean_shortcode_after_header":"","ocean_has_shortcode":"","ocean_shortcode_after_title":"","ocean_shortcode_before_footer_widgets":"","ocean_shortcode_after_footer_widgets":"","ocean_shortcode_before_footer_bottom":"","ocean_shortcode_after_footer_bottom":"","ocean_display_top_bar":"default","ocean_display_header":"default","ocean_header_style":"","ocean_center_header_left_menu":"","ocean_custom_header_template":"","ocean_custom_logo":0,"ocean_custom_retina_logo":0,"ocean_custom_logo_max_width":0,"ocean_custom_logo_tablet_max_width":0,"ocean_custom_logo_mobile_max_width":0,"ocean_custom_logo_max_height":0,"ocean_custom_logo_tablet_max_height":0,"ocean_custom_logo_mobile_max_height":0,"ocean_header_custom_menu":"","ocean_menu_typo_font_family":"","ocean_menu_typo_font_subset":"","ocean_menu_typo_font_size":0,"ocean_menu_typo_font_size_tablet":0,"ocean_menu_typo_font_size_mobile":0,"ocean_menu_typo_font_size_unit":"px","ocean_menu_typo_font_weight":"","ocean_menu_typo_font_weight_tablet":"","ocean_menu_typo_font_weight_mobile":"","ocean_menu_typo_transform":"","ocean_menu_typo_transform_tablet":"","ocean_menu_typo_transform_mobile":"","ocean_menu_typo_line_height":0,"ocean_menu_typo_line_height_tablet":0,"ocean_menu_typo_line_height_mobile":0,"ocean_menu_typo_line_height_unit":"","ocean_menu_typo_spacing":0,"ocean_menu_typo_spacing_tablet":0,"ocean_menu_typo_spacing_mobile":0,"ocean_menu_typo_spacing_unit":"","ocean_menu_link_color":"","ocean_menu_link_color_hover":"","ocean_menu_link_color_active":"","ocean_menu_link_background":"","ocean_menu_link_hover_background":"","ocean_menu_link_active_background":"","ocean_menu_social_links_bg":"","ocean_menu_social_hover_links_bg":"","ocean_menu_social_links_color":"","ocean_menu_social_hover_links_color":"","ocean_disable_title":"default","ocean_disable_heading":"default","ocean_post_title":"","ocean_post_subheading":"","ocean_post_title_style":"","ocean_post_title_background_color":"","ocean_post_title_background":0,"ocean_post_title_bg_image_position":"","ocean_post_title_bg_image_attachment":"","ocean_post_title_bg_image_repeat":"","ocean_post_title_bg_image_size":"","ocean_post_title_height":0,"ocean_post_title_bg_overlay":0.5,"ocean_post_title_bg_overlay_color":"","ocean_disable_breadcrumbs":"default","ocean_breadcrumbs_color":"","ocean_breadcrumbs_separator_color":"","ocean_breadcrumbs_links_color":"","ocean_breadcrumbs_links_hover_color":"","ocean_display_footer_widgets":"default","ocean_display_footer_bottom":"default","ocean_custom_footer_template":"","footnotes":""},"class_list":["post-12","page","type-page","status-publish","hentry","entry"],"yoast_head":"<!-- This site is optimized with the Yoast SEO plugin v22.6 - https:\/\/yoast.com\/wordpress\/plugins\/seo\/ -->\n<title>Cabinet de recrutement Ing\u00e9nieurs &amp; Techniciens en industrie<\/title>\n<meta name=\"description\" content=\"Cabinet de recrutement des Ing\u00e9nieurs &amp; Techniciens en industrie, Douze dix recrutement identifie pour ses clients des profils cibl\u00e9s.\" \/>\n<meta name=\"robots\" content=\"index, follow, max-snippet:-1, max-image-preview:large, max-video-preview:-1\" \/>\n<link rel=\"canonical\" href=\"https:\/\/douzedixrecrutement.fr\/index.php\/cabinet-de-recrutement-des-ingenieurs-techniciens-en-industrie-4\/\" \/>\n<meta property=\"og:locale\" content=\"fr_FR\" \/>\n<meta property=\"og:type\" content=\"article\" \/>\n<meta property=\"og:title\" content=\"Cabinet de recrutement Ing\u00e9nieurs &amp; Techniciens en industrie\" \/>\n<meta property=\"og:description\" content=\"Cabinet de recrutement des Ing\u00e9nieurs &amp; Techniciens en industrie, Douze dix recrutement identifie pour ses clients des profils cibl\u00e9s.\" \/>\n<meta property=\"og:url\" content=\"https:\/\/douzedixrecrutement.fr\/index.php\/cabinet-de-recrutement-des-ingenieurs-techniciens-en-industrie-4\/\" \/>\n<meta property=\"og:site_name\" content=\"Douze dix recrutement\" \/>\n<meta property=\"article:publisher\" content=\"https:\/\/www.linkedin.com\/company\/douzedixrecrutement\/\" \/>\n<meta property=\"article:modified_time\" content=\"2025-09-05T09:40:26+00:00\" \/>\n<meta property=\"og:image\" content=\"https:\/\/douzedixrecrutement.fr\/wp-content\/uploads\/2024\/05\/Douze-dix-recrutement-logo.png\" \/>\n\t<meta property=\"og:image:width\" content=\"500\" \/>\n\t<meta property=\"og:image:height\" content=\"500\" \/>\n\t<meta property=\"og:image:type\" content=\"image\/png\" \/>\n<meta name=\"twitter:card\" content=\"summary_large_image\" \/>\n<meta name=\"twitter:label1\" content=\"Dur\u00e9e de lecture estim\u00e9e\" \/>\n\t<meta name=\"twitter:data1\" content=\"1 minute\" \/>\n<script type=\"application\/ld+json\" class=\"yoast-schema-graph\">{\"@context\":\"https:\/\/schema.org\",\"@graph\":[{\"@type\":\"WebPage\",\"@id\":\"https:\/\/douzedixrecrutement.fr\/index.php\/cabinet-de-recrutement-des-ingenieurs-techniciens-en-industrie-4\/\",\"url\":\"https:\/\/douzedixrecrutement.fr\/index.php\/cabinet-de-recrutement-des-ingenieurs-techniciens-en-industrie-4\/\",\"name\":\"Cabinet de recrutement Ing\u00e9nieurs & Techniciens en industrie\",\"isPartOf\":{\"@id\":\"https:\/\/douzedixrecrutement.fr\/#website\"},\"datePublished\":\"2024-04-25T09:30:58+00:00\",\"dateModified\":\"2025-09-05T09:40:26+00:00\",\"description\":\"Cabinet de recrutement des Ing\u00e9nieurs & Techniciens en industrie, Douze dix recrutement identifie pour ses clients des profils cibl\u00e9s.\",\"breadcrumb\":{\"@id\":\"https:\/\/douzedixrecrutement.fr\/index.php\/cabinet-de-recrutement-des-ingenieurs-techniciens-en-industrie-4\/#breadcrumb\"},\"inLanguage\":\"fr-FR\",\"potentialAction\":[{\"@type\":\"ReadAction\",\"target\":[\"https:\/\/douzedixrecrutement.fr\/index.php\/cabinet-de-recrutement-des-ingenieurs-techniciens-en-industrie-4\/\"]}]},{\"@type\":\"BreadcrumbList\",\"@id\":\"https:\/\/douzedixrecrutement.fr\/index.php\/cabinet-de-recrutement-des-ingenieurs-techniciens-en-industrie-4\/#breadcrumb\",\"itemListElement\":[{\"@type\":\"ListItem\",\"position\":1,\"name\":\"Accueil\",\"item\":\"https:\/\/douzedixrecrutement.fr\/\"},{\"@type\":\"ListItem\",\"position\":2,\"name\":\"Contact\"}]},{\"@type\":\"WebSite\",\"@id\":\"https:\/\/douzedixrecrutement.fr\/#website\",\"url\":\"https:\/\/douzedixrecrutement.fr\/\",\"name\":\"Douze dix recrutement\",\"description\":\"Cabinet de recrutement Ing\u00e9nieurs &amp; Techniciens\",\"publisher\":{\"@id\":\"https:\/\/douzedixrecrutement.fr\/#organization\"},\"potentialAction\":[{\"@type\":\"SearchAction\",\"target\":{\"@type\":\"EntryPoint\",\"urlTemplate\":\"https:\/\/douzedixrecrutement.fr\/?s={search_term_string}\"},\"query-input\":\"required name=search_term_string\"}],\"inLanguage\":\"fr-FR\"},{\"@type\":\"Organization\",\"@id\":\"https:\/\/douzedixrecrutement.fr\/#organization\",\"name\":\"Douze dix recrutement\",\"alternateName\":\"Douze dix\",\"url\":\"https:\/\/douzedixrecrutement.fr\/\",\"logo\":{\"@type\":\"ImageObject\",\"inLanguage\":\"fr-FR\",\"@id\":\"https:\/\/douzedixrecrutement.fr\/#\/schema\/logo\/image\/\",\"url\":\"https:\/\/douzedixrecrutement.fr\/wp-content\/uploads\/2024\/05\/Douze-dix-recrutement-logo.png\",\"contentUrl\":\"https:\/\/douzedixrecrutement.fr\/wp-content\/uploads\/2024\/05\/Douze-dix-recrutement-logo.png\",\"width\":500,\"height\":500,\"caption\":\"Douze dix recrutement\"},\"image\":{\"@id\":\"https:\/\/douzedixrecrutement.fr\/#\/schema\/logo\/image\/\"},\"sameAs\":[\"https:\/\/www.linkedin.com\/company\/douzedixrecrutement\/\"]}]}<\/script>\n<!-- \/ Yoast SEO plugin. -->","yoast_head_json":{"title":"Cabinet de recrutement Ing\u00e9nieurs & Techniciens en industrie","description":"Cabinet de recrutement des Ing\u00e9nieurs & Techniciens en industrie, Douze dix recrutement identifie pour ses clients des profils cibl\u00e9s.","robots":{"index":"index","follow":"follow","max-snippet":"max-snippet:-1","max-image-preview":"max-image-preview:large","max-video-preview":"max-video-preview:-1"},"canonical":"https:\/\/douzedixrecrutement.fr\/index.php\/cabinet-de-recrutement-des-ingenieurs-techniciens-en-industrie-4\/","og_locale":"fr_FR","og_type":"article","og_title":"Cabinet de recrutement Ing\u00e9nieurs & Techniciens en industrie","og_description":"Cabinet de recrutement des Ing\u00e9nieurs & Techniciens en industrie, Douze dix recrutement identifie pour ses clients des profils cibl\u00e9s.","og_url":"https:\/\/douzedixrecrutement.fr\/index.php\/cabinet-de-recrutement-des-ingenieurs-techniciens-en-industrie-4\/","og_site_name":"Douze dix recrutement","article_publisher":"https:\/\/www.linkedin.com\/company\/douzedixrecrutement\/","article_modified_time":"2025-09-05T09:40:26+00:00","og_image":[{"width":500,"height":500,"url":"https:\/\/douzedixrecrutement.fr\/wp-content\/uploads\/2024\/05\/Douze-dix-recrutement-logo.png","type":"image\/png"}],"twitter_card":"summary_large_image","twitter_misc":{"Dur\u00e9e de lecture estim\u00e9e":"1 minute"},"schema":{"@context":"https:\/\/schema.org","@graph":[{"@type":"WebPage","@id":"https:\/\/douzedixrecrutement.fr\/index.php\/cabinet-de-recrutement-des-ingenieurs-techniciens-en-industrie-4\/","url":"https:\/\/douzedixrecrutement.fr\/index.php\/cabinet-de-recrutement-des-ingenieurs-techniciens-en-industrie-4\/","name":"Cabinet de recrutement Ing\u00e9nieurs & Techniciens en industrie","isPartOf":{"@id":"https:\/\/douzedixrecrutement.fr\/#website"},"datePublished":"2024-04-25T09:30:58+00:00","dateModified":"2025-09-05T09:40:26+00:00","description":"Cabinet de recrutement des Ing\u00e9nieurs & Techniciens en industrie, Douze dix recrutement identifie pour ses clients des profils cibl\u00e9s.","breadcrumb":{"@id":"https:\/\/douzedixrecrutement.fr\/index.php\/cabinet-de-recrutement-des-ingenieurs-techniciens-en-industrie-4\/#breadcrumb"},"inLanguage":"fr-FR","potentialAction":[{"@type":"ReadAction","target":["https:\/\/douzedixrecrutement.fr\/index.php\/cabinet-de-recrutement-des-ingenieurs-techniciens-en-industrie-4\/"]}]},{"@type":"BreadcrumbList","@id":"https:\/\/douzedixrecrutement.fr\/index.php\/cabinet-de-recrutement-des-ingenieurs-techniciens-en-industrie-4\/#breadcrumb","itemListElement":[{"@type":"ListItem","position":1,"name":"Accueil","item":"https:\/\/douzedixrecrutement.fr\/"},{"@type":"ListItem","position":2,"name":"Contact"}]},{"@type":"WebSite","@id":"https:\/\/douzedixrecrutement.fr\/#website","url":"https:\/\/douzedixrecrutement.fr\/","name":"Douze dix recrutement","description":"Cabinet de recrutement Ing\u00e9nieurs &amp; Techniciens","publisher":{"@id":"https:\/\/douzedixrecrutement.fr\/#organization"},"potentialAction":[{"@type":"SearchAction","target":{"@type":"EntryPoint","urlTemplate":"https:\/\/douzedixrecrutement.fr\/?s={search_term_string}"},"query-input":"required name=search_term_string"}],"inLanguage":"fr-FR"},{"@type":"Organization","@id":"https:\/\/douzedixrecrutement.fr\/#organization","name":"Douze dix recrutement","alternateName":"Douze dix","url":"https:\/\/douzedixrecrutement.fr\/","logo":{"@type":"ImageObject","inLanguage":"fr-FR","@id":"https:\/\/douzedixrecrutement.fr\/#\/schema\/logo\/image\/","url":"https:\/\/douzedixrecrutement.fr\/wp-content\/uploads\/2024\/05\/Douze-dix-recrutement-logo.png","contentUrl":"https:\/\/douzedixrecrutement.fr\/wp-content\/uploads\/2024\/05\/Douze-dix-recrutement-logo.png","width":500,"height":500,"caption":"Douze dix recrutement"},"image":{"@id":"https:\/\/douzedixrecrutement.fr\/#\/schema\/logo\/image\/"},"sameAs":["https:\/\/www.linkedin.com\/company\/douzedixrecrutement\/"]}]}},"_links":{"self":[{"href":"https:\/\/douzedixrecrutement.fr\/index.php\/wp-json\/wp\/v2\/pages\/12","targetHints":{"allow":["GET"]}}],"collection":[{"href":"https:\/\/douzedixrecrutement.fr\/index.php\/wp-json\/wp\/v2\/pages"}],"about":[{"href":"https:\/\/douzedixrecrutement.fr\/index.php\/wp-json\/wp\/v2\/types\/page"}],"author":[{"embeddable":true,"href":"https:\/\/douzedixrecrutement.fr\/index.php\/wp-json\/wp\/v2\/users\/1"}],"replies":[{"embeddable":true,"href":"https:\/\/douzedixrecrutement.fr\/index.php\/wp-json\/wp\/v2\/comments?post=12"}],"version-history":[{"count":175,"href":"https:\/\/douzedixrecrutement.fr\/index.php\/wp-json\/wp\/v2\/pages\/12\/revisions"}],"predecessor-version":[{"id":4977,"href":"https:\/\/douzedixrecrutement.fr\/index.php\/wp-json\/wp\/v2\/pages\/12\/revisions\/4977"}],"wp:attachment":[{"href":"https:\/\/douzedixrecrutement.fr\/index.php\/wp-json\/wp\/v2\/media?parent=12"}],"curies":[{"name":"wp","href":"https:\/\/api.w.org\/{rel}","templated":true}]}}