{"id":14,"date":"2024-04-25T11:36:02","date_gmt":"2024-04-25T09:36:02","guid":{"rendered":"https:\/\/douzedixrecrutement.fr\/?page_id=14"},"modified":"2025-09-05T11:43:48","modified_gmt":"2025-09-05T09:43:48","slug":"cabinet-de-recrutement-des-ingenieurs-techniciens-en-industrie-7","status":"publish","type":"page","link":"https:\/\/douzedixrecrutement.fr\/index.php\/cabinet-de-recrutement-des-ingenieurs-techniciens-en-industrie-7\/","title":{"rendered":"Mentions l\u00e9gales"},"content":{"rendered":"\t\t<div data-elementor-type=\"wp-page\" data-elementor-id=\"14\" class=\"elementor elementor-14\">\n\t\t\t\t<div class=\"elementor-element elementor-element-0416e14 e-flex e-con-boxed e-con e-parent\" data-id=\"0416e14\" data-element_type=\"container\">\n\t\t\t\t\t<div class=\"e-con-inner\">\n\t\t\t\t<div class=\"elementor-element elementor-element-f5f130e elementor-widget elementor-widget-spacer\" data-id=\"f5f130e\" data-element_type=\"widget\" data-widget_type=\"spacer.default\">\n\t\t\t\t<div class=\"elementor-widget-container\">\n\t\t\t<style>\/*! elementor - v3.21.0 - 24-04-2024 *\/\n.elementor-column .elementor-spacer-inner{height:var(--spacer-size)}.e-con{--container-widget-width:100%}.e-con-inner>.elementor-widget-spacer,.e-con>.elementor-widget-spacer{width:var(--container-widget-width,var(--spacer-size));--align-self:var(--container-widget-align-self,initial);--flex-shrink:0}.e-con-inner>.elementor-widget-spacer>.elementor-widget-container,.e-con>.elementor-widget-spacer>.elementor-widget-container{height:100%;width:100%}.e-con-inner>.elementor-widget-spacer>.elementor-widget-container>.elementor-spacer,.e-con>.elementor-widget-spacer>.elementor-widget-container>.elementor-spacer{height:100%}.e-con-inner>.elementor-widget-spacer>.elementor-widget-container>.elementor-spacer>.elementor-spacer-inner,.e-con>.elementor-widget-spacer>.elementor-widget-container>.elementor-spacer>.elementor-spacer-inner{height:var(--container-widget-height,var(--spacer-size))}.e-con-inner>.elementor-widget-spacer.elementor-widget-empty,.e-con>.elementor-widget-spacer.elementor-widget-empty{position:relative;min-height:22px;min-width:22px}.e-con-inner>.elementor-widget-spacer.elementor-widget-empty .elementor-widget-empty-icon,.e-con>.elementor-widget-spacer.elementor-widget-empty .elementor-widget-empty-icon{position:absolute;top:0;bottom:0;left:0;right:0;margin:auto;padding:0;width:22px;height:22px}<\/style>\t\t<div class=\"elementor-spacer\">\n\t\t\t<div class=\"elementor-spacer-inner\"><\/div>\n\t\t<\/div>\n\t\t\t\t<\/div>\n\t\t\t\t<\/div>\n\t\t\t\t<div class=\"elementor-element elementor-element-401e556 elementor-widget elementor-widget-text-editor\" data-id=\"401e556\" data-element_type=\"widget\" data-widget_type=\"text-editor.default\">\n\t\t\t\t<div class=\"elementor-widget-container\">\n\t\t\t<style>\/*! elementor - v3.21.0 - 24-04-2024 *\/\n.elementor-widget-text-editor.elementor-drop-cap-view-stacked .elementor-drop-cap{background-color:#69727d;color:#fff}.elementor-widget-text-editor.elementor-drop-cap-view-framed .elementor-drop-cap{color:#69727d;border:3px solid;background-color:transparent}.elementor-widget-text-editor:not(.elementor-drop-cap-view-default) .elementor-drop-cap{margin-top:8px}.elementor-widget-text-editor:not(.elementor-drop-cap-view-default) .elementor-drop-cap-letter{width:1em;height:1em}.elementor-widget-text-editor .elementor-drop-cap{float:left;text-align:center;line-height:1;font-size:50px}.elementor-widget-text-editor .elementor-drop-cap-letter{display:inline-block}<\/style>\t\t\t\t<p><strong>Mentions l\u00e9gales<\/strong><\/p><p>Vous \u00eates actuellement connect\u00e9 au site www.douzedixrecrutement.fr.<\/p><p>Ce site internet est la propri\u00e9t\u00e9 de la soci\u00e9t\u00e9 Douze dix recrutement ayant comme positionnement principal : \u00ab\u00a0cabinet de recrutement Ing\u00e9nieur(e)s &amp; Technicien(ne)s en industrie\u00a0\u00bb :<\/p><ul><li>Soci\u00e9t\u00e9 par actions simplifi\u00e9e (Soci\u00e9t\u00e9 \u00e0 associ\u00e9 unique) au capital social de 1000 \u20ac<\/li><li>Immatriculation au RCS, num\u00e9ro 928 195 502 R.C.S. Nanterre<\/li><li>Adresse du si\u00e8ge social : 110 avenue Jean Jaur\u00e8s 92140 Clamart<\/li><li>T\u00e9l\u00e9phone : 06-18-63-91-76<\/li><li>SIRET : 928 195 502 00010<\/li><li>TVA Intra : FR49928195502<\/li><li>APE : 78.10Z &#8211; Activit\u00e9s des agences de placement de main-d&rsquo;oeuvre<\/li><\/ul><div>\u00a0<\/div><div><strong>Gestion de la publication sur le site<\/strong><\/div><ul><li>Directeur de la publication : Julien Foucher<\/li><li>Responsable de la r\u00e9daction : Julien Foucher<\/li><\/ul><p>Pour rentrer facilement en contact avec le directeur de la publication \/responsable de la r\u00e9daction : julien.foucher@douzedixrecrutement.fr\u00a0 \/ 06-18-63-91-76.\u00a0<\/p><p>\u00a0<\/p><p><strong>Source utilis\u00e9e pour le site internet<\/strong><\/p><p>Nous remercions l&rsquo;IESF (soci\u00e9t\u00e9 des Ing\u00e9nieurs et Scientifiques de France) pour leur \u00e9tude intitul\u00e9e \u00ab\u00a034\u00e8me enqu\u00eate annuelle de l&rsquo;Observatoire des Ing\u00e9nieurs et Scientifiques de France\u00a0\u00bb. Nous avons utilis\u00e9 une information de cette \u00e9tude, sur les chiffres du ch\u00f4mage des Ing\u00e9nieurs, et l&rsquo;avons int\u00e9gr\u00e9 sur ce site internet.<\/p><p>\u00a0<\/p><p><strong>H\u00e9bergeur<\/strong><\/p><div><p>Ce site est h\u00e9berg\u00e9 par la soci\u00e9t\u00e9 OVH.<\/p><\/div><div><ul><li>SAS au capital de 10 174 560 \u20ac<\/li><li>RCS Lille M\u00e9tropole 424 761 419 00045<\/li><li>Si\u00e8ge social : 2 rue Kellermann &#8211; 59100 Roubaix &#8211; France<\/li><li>OVH SAS est une filiale de la soci\u00e9t\u00e9 OVH Groupe SA, soci\u00e9t\u00e9 immatricul\u00e9e au RCS de Lille sous le num\u00e9ro 537 407 926 sise 2, rue Kellermann, 59100 Roubaix.<\/li><li>T\u00e9l\u00e9phone : 1007 \/ +33 9 72 10 10 07<\/li><\/ul><\/div>\t\t\t\t\t\t<\/div>\n\t\t\t\t<\/div>\n\t\t\t\t<div class=\"elementor-element elementor-element-aad1bc4 elementor-widget elementor-widget-spacer\" data-id=\"aad1bc4\" data-element_type=\"widget\" data-widget_type=\"spacer.default\">\n\t\t\t\t<div class=\"elementor-widget-container\">\n\t\t\t\t\t<div class=\"elementor-spacer\">\n\t\t\t<div class=\"elementor-spacer-inner\"><\/div>\n\t\t<\/div>\n\t\t\t\t<\/div>\n\t\t\t\t<\/div>\n\t\t\t\t\t<\/div>\n\t\t\t\t<\/div>\n\t\t\t\t<\/div>\n\t\t","protected":false},"excerpt":{"rendered":"<p>Mentions l\u00e9gales Vous \u00eates actuellement connect\u00e9 au site www.douzedixrecrutement.fr. Ce site internet est la propri\u00e9t\u00e9 de la soci\u00e9t\u00e9 Douze dix recrutement ayant comme positionnement principal : \u00ab\u00a0cabinet de recrutement Ing\u00e9nieur(e)s &amp; Technicien(ne)s en industrie\u00a0\u00bb : Soci\u00e9t\u00e9 par actions simplifi\u00e9e (Soci\u00e9t\u00e9 \u00e0 associ\u00e9 unique) au capital social de 1000 \u20ac Immatriculation au RCS, num\u00e9ro 928 195 [&hellip;]<\/p>\n","protected":false},"author":1,"featured_media":0,"parent":0,"menu_order":0,"comment_status":"closed","ping_status":"closed","template":"","meta":{"ocean_post_layout":"","ocean_both_sidebars_style":"","ocean_both_sidebars_content_width":0,"ocean_both_sidebars_sidebars_width":0,"ocean_sidebar":"","ocean_second_sidebar":"","ocean_disable_margins":"enable","ocean_add_body_class":"","ocean_shortcode_before_top_bar":"","ocean_shortcode_after_top_bar":"","ocean_shortcode_before_header":"","ocean_shortcode_after_header":"","ocean_has_shortcode":"","ocean_shortcode_after_title":"","ocean_shortcode_before_footer_widgets":"","ocean_shortcode_after_footer_widgets":"","ocean_shortcode_before_footer_bottom":"","ocean_shortcode_after_footer_bottom":"","ocean_display_top_bar":"default","ocean_display_header":"default","ocean_header_style":"","ocean_center_header_left_menu":"","ocean_custom_header_template":"","ocean_custom_logo":0,"ocean_custom_retina_logo":0,"ocean_custom_logo_max_width":0,"ocean_custom_logo_tablet_max_width":0,"ocean_custom_logo_mobile_max_width":0,"ocean_custom_logo_max_height":0,"ocean_custom_logo_tablet_max_height":0,"ocean_custom_logo_mobile_max_height":0,"ocean_header_custom_menu":"","ocean_menu_typo_font_family":"","ocean_menu_typo_font_subset":"","ocean_menu_typo_font_size":0,"ocean_menu_typo_font_size_tablet":0,"ocean_menu_typo_font_size_mobile":0,"ocean_menu_typo_font_size_unit":"px","ocean_menu_typo_font_weight":"","ocean_menu_typo_font_weight_tablet":"","ocean_menu_typo_font_weight_mobile":"","ocean_menu_typo_transform":"","ocean_menu_typo_transform_tablet":"","ocean_menu_typo_transform_mobile":"","ocean_menu_typo_line_height":0,"ocean_menu_typo_line_height_tablet":0,"ocean_menu_typo_line_height_mobile":0,"ocean_menu_typo_line_height_unit":"","ocean_menu_typo_spacing":0,"ocean_menu_typo_spacing_tablet":0,"ocean_menu_typo_spacing_mobile":0,"ocean_menu_typo_spacing_unit":"","ocean_menu_link_color":"","ocean_menu_link_color_hover":"","ocean_menu_link_color_active":"","ocean_menu_link_background":"","ocean_menu_link_hover_background":"","ocean_menu_link_active_background":"","ocean_menu_social_links_bg":"","ocean_menu_social_hover_links_bg":"","ocean_menu_social_links_color":"","ocean_menu_social_hover_links_color":"","ocean_disable_title":"default","ocean_disable_heading":"default","ocean_post_title":"","ocean_post_subheading":"","ocean_post_title_style":"","ocean_post_title_background_color":"","ocean_post_title_background":0,"ocean_post_title_bg_image_position":"","ocean_post_title_bg_image_attachment":"","ocean_post_title_bg_image_repeat":"","ocean_post_title_bg_image_size":"","ocean_post_title_height":0,"ocean_post_title_bg_overlay":0.5,"ocean_post_title_bg_overlay_color":"","ocean_disable_breadcrumbs":"default","ocean_breadcrumbs_color":"","ocean_breadcrumbs_separator_color":"","ocean_breadcrumbs_links_color":"","ocean_breadcrumbs_links_hover_color":"","ocean_display_footer_widgets":"default","ocean_display_footer_bottom":"default","ocean_custom_footer_template":"","footnotes":""},"class_list":["post-14","page","type-page","status-publish","hentry","entry"],"yoast_head":"<!-- This site is optimized with the Yoast SEO plugin v22.6 - https:\/\/yoast.com\/wordpress\/plugins\/seo\/ -->\n<title>Cabinet de recrutement Ing\u00e9nieurs &amp; Techniciens en industrie<\/title>\n<meta name=\"description\" content=\"Cabinet de recrutement des Ing\u00e9nieurs &amp; Techniciens en industrie, Douze dix recrutement identifie pour ses clients des profils cibl\u00e9s.\" \/>\n<meta name=\"robots\" content=\"index, follow, max-snippet:-1, max-image-preview:large, max-video-preview:-1\" \/>\n<link rel=\"canonical\" href=\"https:\/\/douzedixrecrutement.fr\/index.php\/cabinet-de-recrutement-des-ingenieurs-techniciens-en-industrie-7\/\" \/>\n<meta property=\"og:locale\" content=\"fr_FR\" \/>\n<meta property=\"og:type\" content=\"article\" \/>\n<meta property=\"og:title\" content=\"Cabinet de recrutement Ing\u00e9nieurs &amp; Techniciens en industrie\" \/>\n<meta property=\"og:description\" content=\"Cabinet de recrutement des Ing\u00e9nieurs &amp; Techniciens en industrie, Douze dix recrutement identifie pour ses clients des profils cibl\u00e9s.\" \/>\n<meta property=\"og:url\" content=\"https:\/\/douzedixrecrutement.fr\/index.php\/cabinet-de-recrutement-des-ingenieurs-techniciens-en-industrie-7\/\" \/>\n<meta property=\"og:site_name\" content=\"Douze dix recrutement\" \/>\n<meta property=\"article:publisher\" content=\"https:\/\/www.linkedin.com\/company\/douzedixrecrutement\/\" \/>\n<meta property=\"article:modified_time\" content=\"2025-09-05T09:43:48+00:00\" \/>\n<meta property=\"og:image\" content=\"https:\/\/douzedixrecrutement.fr\/wp-content\/uploads\/2024\/05\/Douze-dix-recrutement-logo.png\" \/>\n\t<meta property=\"og:image:width\" content=\"500\" \/>\n\t<meta property=\"og:image:height\" content=\"500\" \/>\n\t<meta property=\"og:image:type\" content=\"image\/png\" \/>\n<meta name=\"twitter:card\" content=\"summary_large_image\" \/>\n<meta name=\"twitter:label1\" content=\"Dur\u00e9e de lecture estim\u00e9e\" \/>\n\t<meta name=\"twitter:data1\" content=\"2 minutes\" \/>\n<script type=\"application\/ld+json\" class=\"yoast-schema-graph\">{\"@context\":\"https:\/\/schema.org\",\"@graph\":[{\"@type\":\"WebPage\",\"@id\":\"https:\/\/douzedixrecrutement.fr\/index.php\/cabinet-de-recrutement-des-ingenieurs-techniciens-en-industrie-7\/\",\"url\":\"https:\/\/douzedixrecrutement.fr\/index.php\/cabinet-de-recrutement-des-ingenieurs-techniciens-en-industrie-7\/\",\"name\":\"Cabinet de recrutement Ing\u00e9nieurs & Techniciens en industrie\",\"isPartOf\":{\"@id\":\"https:\/\/douzedixrecrutement.fr\/#website\"},\"datePublished\":\"2024-04-25T09:36:02+00:00\",\"dateModified\":\"2025-09-05T09:43:48+00:00\",\"description\":\"Cabinet de recrutement des Ing\u00e9nieurs & Techniciens en industrie, Douze dix recrutement identifie pour ses clients des profils cibl\u00e9s.\",\"breadcrumb\":{\"@id\":\"https:\/\/douzedixrecrutement.fr\/index.php\/cabinet-de-recrutement-des-ingenieurs-techniciens-en-industrie-7\/#breadcrumb\"},\"inLanguage\":\"fr-FR\",\"potentialAction\":[{\"@type\":\"ReadAction\",\"target\":[\"https:\/\/douzedixrecrutement.fr\/index.php\/cabinet-de-recrutement-des-ingenieurs-techniciens-en-industrie-7\/\"]}]},{\"@type\":\"BreadcrumbList\",\"@id\":\"https:\/\/douzedixrecrutement.fr\/index.php\/cabinet-de-recrutement-des-ingenieurs-techniciens-en-industrie-7\/#breadcrumb\",\"itemListElement\":[{\"@type\":\"ListItem\",\"position\":1,\"name\":\"Accueil\",\"item\":\"https:\/\/douzedixrecrutement.fr\/\"},{\"@type\":\"ListItem\",\"position\":2,\"name\":\"Mentions l\u00e9gales\"}]},{\"@type\":\"WebSite\",\"@id\":\"https:\/\/douzedixrecrutement.fr\/#website\",\"url\":\"https:\/\/douzedixrecrutement.fr\/\",\"name\":\"Douze dix recrutement\",\"description\":\"Cabinet de recrutement Ing\u00e9nieurs &amp; Techniciens\",\"publisher\":{\"@id\":\"https:\/\/douzedixrecrutement.fr\/#organization\"},\"potentialAction\":[{\"@type\":\"SearchAction\",\"target\":{\"@type\":\"EntryPoint\",\"urlTemplate\":\"https:\/\/douzedixrecrutement.fr\/?s={search_term_string}\"},\"query-input\":\"required name=search_term_string\"}],\"inLanguage\":\"fr-FR\"},{\"@type\":\"Organization\",\"@id\":\"https:\/\/douzedixrecrutement.fr\/#organization\",\"name\":\"Douze dix recrutement\",\"alternateName\":\"Douze dix\",\"url\":\"https:\/\/douzedixrecrutement.fr\/\",\"logo\":{\"@type\":\"ImageObject\",\"inLanguage\":\"fr-FR\",\"@id\":\"https:\/\/douzedixrecrutement.fr\/#\/schema\/logo\/image\/\",\"url\":\"https:\/\/douzedixrecrutement.fr\/wp-content\/uploads\/2024\/05\/Douze-dix-recrutement-logo.png\",\"contentUrl\":\"https:\/\/douzedixrecrutement.fr\/wp-content\/uploads\/2024\/05\/Douze-dix-recrutement-logo.png\",\"width\":500,\"height\":500,\"caption\":\"Douze dix recrutement\"},\"image\":{\"@id\":\"https:\/\/douzedixrecrutement.fr\/#\/schema\/logo\/image\/\"},\"sameAs\":[\"https:\/\/www.linkedin.com\/company\/douzedixrecrutement\/\"]}]}<\/script>\n<!-- \/ Yoast SEO plugin. -->","yoast_head_json":{"title":"Cabinet de recrutement Ing\u00e9nieurs & Techniciens en industrie","description":"Cabinet de recrutement des Ing\u00e9nieurs & Techniciens en industrie, Douze dix recrutement identifie pour ses clients des profils cibl\u00e9s.","robots":{"index":"index","follow":"follow","max-snippet":"max-snippet:-1","max-image-preview":"max-image-preview:large","max-video-preview":"max-video-preview:-1"},"canonical":"https:\/\/douzedixrecrutement.fr\/index.php\/cabinet-de-recrutement-des-ingenieurs-techniciens-en-industrie-7\/","og_locale":"fr_FR","og_type":"article","og_title":"Cabinet de recrutement Ing\u00e9nieurs & Techniciens en industrie","og_description":"Cabinet de recrutement des Ing\u00e9nieurs & Techniciens en industrie, Douze dix recrutement identifie pour ses clients des profils cibl\u00e9s.","og_url":"https:\/\/douzedixrecrutement.fr\/index.php\/cabinet-de-recrutement-des-ingenieurs-techniciens-en-industrie-7\/","og_site_name":"Douze dix recrutement","article_publisher":"https:\/\/www.linkedin.com\/company\/douzedixrecrutement\/","article_modified_time":"2025-09-05T09:43:48+00:00","og_image":[{"width":500,"height":500,"url":"https:\/\/douzedixrecrutement.fr\/wp-content\/uploads\/2024\/05\/Douze-dix-recrutement-logo.png","type":"image\/png"}],"twitter_card":"summary_large_image","twitter_misc":{"Dur\u00e9e de lecture estim\u00e9e":"2 minutes"},"schema":{"@context":"https:\/\/schema.org","@graph":[{"@type":"WebPage","@id":"https:\/\/douzedixrecrutement.fr\/index.php\/cabinet-de-recrutement-des-ingenieurs-techniciens-en-industrie-7\/","url":"https:\/\/douzedixrecrutement.fr\/index.php\/cabinet-de-recrutement-des-ingenieurs-techniciens-en-industrie-7\/","name":"Cabinet de recrutement Ing\u00e9nieurs & Techniciens en industrie","isPartOf":{"@id":"https:\/\/douzedixrecrutement.fr\/#website"},"datePublished":"2024-04-25T09:36:02+00:00","dateModified":"2025-09-05T09:43:48+00:00","description":"Cabinet de recrutement des Ing\u00e9nieurs & Techniciens en industrie, Douze dix recrutement identifie pour ses clients des profils cibl\u00e9s.","breadcrumb":{"@id":"https:\/\/douzedixrecrutement.fr\/index.php\/cabinet-de-recrutement-des-ingenieurs-techniciens-en-industrie-7\/#breadcrumb"},"inLanguage":"fr-FR","potentialAction":[{"@type":"ReadAction","target":["https:\/\/douzedixrecrutement.fr\/index.php\/cabinet-de-recrutement-des-ingenieurs-techniciens-en-industrie-7\/"]}]},{"@type":"BreadcrumbList","@id":"https:\/\/douzedixrecrutement.fr\/index.php\/cabinet-de-recrutement-des-ingenieurs-techniciens-en-industrie-7\/#breadcrumb","itemListElement":[{"@type":"ListItem","position":1,"name":"Accueil","item":"https:\/\/douzedixrecrutement.fr\/"},{"@type":"ListItem","position":2,"name":"Mentions l\u00e9gales"}]},{"@type":"WebSite","@id":"https:\/\/douzedixrecrutement.fr\/#website","url":"https:\/\/douzedixrecrutement.fr\/","name":"Douze dix recrutement","description":"Cabinet de recrutement Ing\u00e9nieurs &amp; Techniciens","publisher":{"@id":"https:\/\/douzedixrecrutement.fr\/#organization"},"potentialAction":[{"@type":"SearchAction","target":{"@type":"EntryPoint","urlTemplate":"https:\/\/douzedixrecrutement.fr\/?s={search_term_string}"},"query-input":"required name=search_term_string"}],"inLanguage":"fr-FR"},{"@type":"Organization","@id":"https:\/\/douzedixrecrutement.fr\/#organization","name":"Douze dix recrutement","alternateName":"Douze dix","url":"https:\/\/douzedixrecrutement.fr\/","logo":{"@type":"ImageObject","inLanguage":"fr-FR","@id":"https:\/\/douzedixrecrutement.fr\/#\/schema\/logo\/image\/","url":"https:\/\/douzedixrecrutement.fr\/wp-content\/uploads\/2024\/05\/Douze-dix-recrutement-logo.png","contentUrl":"https:\/\/douzedixrecrutement.fr\/wp-content\/uploads\/2024\/05\/Douze-dix-recrutement-logo.png","width":500,"height":500,"caption":"Douze dix recrutement"},"image":{"@id":"https:\/\/douzedixrecrutement.fr\/#\/schema\/logo\/image\/"},"sameAs":["https:\/\/www.linkedin.com\/company\/douzedixrecrutement\/"]}]}},"_links":{"self":[{"href":"https:\/\/douzedixrecrutement.fr\/index.php\/wp-json\/wp\/v2\/pages\/14","targetHints":{"allow":["GET"]}}],"collection":[{"href":"https:\/\/douzedixrecrutement.fr\/index.php\/wp-json\/wp\/v2\/pages"}],"about":[{"href":"https:\/\/douzedixrecrutement.fr\/index.php\/wp-json\/wp\/v2\/types\/page"}],"author":[{"embeddable":true,"href":"https:\/\/douzedixrecrutement.fr\/index.php\/wp-json\/wp\/v2\/users\/1"}],"replies":[{"embeddable":true,"href":"https:\/\/douzedixrecrutement.fr\/index.php\/wp-json\/wp\/v2\/comments?post=14"}],"version-history":[{"count":110,"href":"https:\/\/douzedixrecrutement.fr\/index.php\/wp-json\/wp\/v2\/pages\/14\/revisions"}],"predecessor-version":[{"id":4986,"href":"https:\/\/douzedixrecrutement.fr\/index.php\/wp-json\/wp\/v2\/pages\/14\/revisions\/4986"}],"wp:attachment":[{"href":"https:\/\/douzedixrecrutement.fr\/index.php\/wp-json\/wp\/v2\/media?parent=14"}],"curies":[{"name":"wp","href":"https:\/\/api.w.org\/{rel}","templated":true}]}}