{"id":2601,"date":"2025-04-06T10:31:34","date_gmt":"2025-04-06T08:31:34","guid":{"rendered":"https:\/\/douzedixrecrutement.fr\/?page_id=2601"},"modified":"2025-05-06T13:51:48","modified_gmt":"2025-05-06T11:51:48","slug":"politique-de-confidentialite","status":"publish","type":"page","link":"https:\/\/douzedixrecrutement.fr\/index.php\/politique-de-confidentialite\/","title":{"rendered":"Politique et gestion des cookies"},"content":{"rendered":"\t\t<div data-elementor-type=\"wp-page\" data-elementor-id=\"2601\" class=\"elementor elementor-2601\">\n\t\t\t\t<div class=\"elementor-element elementor-element-2421ea5 e-flex e-con-boxed e-con e-parent\" data-id=\"2421ea5\" data-element_type=\"container\">\n\t\t\t\t\t<div class=\"e-con-inner\">\n\t\t\t\t<div class=\"elementor-element elementor-element-74b9766 elementor-widget elementor-widget-spacer\" data-id=\"74b9766\" data-element_type=\"widget\" data-widget_type=\"spacer.default\">\n\t\t\t\t<div class=\"elementor-widget-container\">\n\t\t\t<style>\/*! elementor - v3.21.0 - 24-04-2024 *\/\n.elementor-column .elementor-spacer-inner{height:var(--spacer-size)}.e-con{--container-widget-width:100%}.e-con-inner>.elementor-widget-spacer,.e-con>.elementor-widget-spacer{width:var(--container-widget-width,var(--spacer-size));--align-self:var(--container-widget-align-self,initial);--flex-shrink:0}.e-con-inner>.elementor-widget-spacer>.elementor-widget-container,.e-con>.elementor-widget-spacer>.elementor-widget-container{height:100%;width:100%}.e-con-inner>.elementor-widget-spacer>.elementor-widget-container>.elementor-spacer,.e-con>.elementor-widget-spacer>.elementor-widget-container>.elementor-spacer{height:100%}.e-con-inner>.elementor-widget-spacer>.elementor-widget-container>.elementor-spacer>.elementor-spacer-inner,.e-con>.elementor-widget-spacer>.elementor-widget-container>.elementor-spacer>.elementor-spacer-inner{height:var(--container-widget-height,var(--spacer-size))}.e-con-inner>.elementor-widget-spacer.elementor-widget-empty,.e-con>.elementor-widget-spacer.elementor-widget-empty{position:relative;min-height:22px;min-width:22px}.e-con-inner>.elementor-widget-spacer.elementor-widget-empty .elementor-widget-empty-icon,.e-con>.elementor-widget-spacer.elementor-widget-empty .elementor-widget-empty-icon{position:absolute;top:0;bottom:0;left:0;right:0;margin:auto;padding:0;width:22px;height:22px}<\/style>\t\t<div class=\"elementor-spacer\">\n\t\t\t<div class=\"elementor-spacer-inner\"><\/div>\n\t\t<\/div>\n\t\t\t\t<\/div>\n\t\t\t\t<\/div>\n\t\t\t\t<div class=\"elementor-element elementor-element-533122b elementor-widget elementor-widget-text-editor\" data-id=\"533122b\" data-element_type=\"widget\" data-widget_type=\"text-editor.default\">\n\t\t\t\t<div class=\"elementor-widget-container\">\n\t\t\t<style>\/*! elementor - v3.21.0 - 24-04-2024 *\/\n.elementor-widget-text-editor.elementor-drop-cap-view-stacked .elementor-drop-cap{background-color:#69727d;color:#fff}.elementor-widget-text-editor.elementor-drop-cap-view-framed .elementor-drop-cap{color:#69727d;border:3px solid;background-color:transparent}.elementor-widget-text-editor:not(.elementor-drop-cap-view-default) .elementor-drop-cap{margin-top:8px}.elementor-widget-text-editor:not(.elementor-drop-cap-view-default) .elementor-drop-cap-letter{width:1em;height:1em}.elementor-widget-text-editor .elementor-drop-cap{float:left;text-align:center;line-height:1;font-size:50px}.elementor-widget-text-editor .elementor-drop-cap-letter{display:inline-block}<\/style>\t\t\t\t<p><strong>Introduction<\/strong><\/p><p>Notre site utilise des cookies pour am\u00e9liorer votre exp\u00e9rience de navigation. En continuant \u00e0 utiliser notre site, vous acceptez notre utilisation de cookies.<\/p><p><strong>\u00a0<\/strong><\/p><p><strong>Les cookies, c\u2019est quoi\u00a0?<\/strong><\/p><p>Les\u00a0cookies\u00a0(souvent connus sous le nom de \u00ab\u00a0cookies Internet\u00a0\u00bb) sont des fichiers texte contenant de petits \u00e9l\u00e9ments de donn\u00e9es.<\/p><p>Ils sont envoy\u00e9s par un site web et stock\u00e9s sur le navigateur de l&rsquo;utilisateur. Les cookies sont utilis\u00e9s pour enregistrer des informations sur les pr\u00e9f\u00e9rences de l&rsquo;utilisateur et pour suivre les pages visit\u00e9es afin de personnaliser les contenus et les services propos\u00e9s.<\/p><p>\u00a0<\/p><p><strong>Pourquoi utilisons-nous des cookies sur notre site ?<\/strong><\/p><p>Nous utilisons des cookies sur notre site pour : am\u00e9liorer votre exp\u00e9rience de navigation en enregistrant vos pr\u00e9f\u00e9rences et en vous proposant des contenus et services adapt\u00e9s \u00e0 vos int\u00e9r\u00eats, suivre les pages visit\u00e9es et mesurer l&rsquo;audience de notre site afin de nous aider \u00e0 en am\u00e9liorer le contenu et l&rsquo;ergonomie.<\/p><p>\u00a0<\/p><p><strong>Pr\u00e9cision sur les types de cookies utilis\u00e9s<\/strong><\/p><p>Nous utilisons 2 types de cookies :<\/p><ol><li>Les cookies strictement n\u00e9cessaires\u00a0: ces cookies sont essentiels au fonctionnement du site web, et pour vous permettre de b\u00e9n\u00e9ficier de certaines fonctionnalit\u00e9s du site comme l\u2019acc\u00e8s au formulaire de contact.<\/li><li>Cookies de performance\u00a0: ils collectent des informations sur la mani\u00e8re dont vous utilisez notre site web, c\u2019est-\u00e0-dire les pages que vous visitez et la mani\u00e8re dont vous naviguez vers les pages qui vous int\u00e9ressent le plus. Nous pouvons ainsi avoir des statistiques sur la fa\u00e7on dont notre site est utilis\u00e9 et ainsi l\u2019am\u00e9liorer.<\/li><\/ol><p><strong>\u00a0<\/strong><\/p><p><strong>Dur\u00e9e de conservation<\/strong><\/p><p>Nous conservons les informations collect\u00e9es \u00e0 partir des cookies pour une dur\u00e9e de 12 mois maximum.<\/p><p>\u00a0<\/p><p><strong>Comment g\u00e9rer les cookies sur notre site ?<\/strong><\/p><p>Vous avez la possibilit\u00e9 de g\u00e9rer les cookies de notre site en utilisant les param\u00e8tres de votre navigateur.<\/p><p>Ils vous offres 3 possibilit\u00e9s\u00a0:<\/p><ol><li>Vous avez la possibilit\u00e9 d\u2019accepter les cookies qui ne sont pas essentiels, simplement en cliquant sur \u00ab Param\u00e8tres des cookies \u00bb et apr\u00e8s vous pouvez choisir les cat\u00e9gories de cookies que vous voulez accepter.\u00a0<\/li><li>Vous avez la possibilit\u00e9 d\u2019accepter tous les cookies, en cliquant sur \u00ab Accepter tous les cookies \u00bb sur la banni\u00e8re de cookies qui est affich\u00e9e. Nous utiliserons les cookies conform\u00e9ment \u00e0 la pr\u00e9sente politique en mati\u00e8re de cookies et en fonction de votre choix.\u00a0<\/li><li>Vous avez la possibilit\u00e9 de ne pas accepter que nous utilisions des cookies. Dans ce cas vous pourrez cliquer sur refuser et seuls les\u00a0Cookies strictement n\u00e9cessaires\u00a0seront utilis\u00e9s.<\/li><\/ol><p>Vous pouvez \u00e0 tout moment modifier vos choix de gestion des cookies en cliquant sur ce lien\u00a0:<\/p>\t\t\t\t\t\t<\/div>\n\t\t\t\t<\/div>\n\t\t\t\t\t<\/div>\n\t\t\t\t<\/div>\n\t\t<div class=\"elementor-element elementor-element-ba181be e-flex e-con-boxed e-con e-parent\" data-id=\"ba181be\" data-element_type=\"container\">\n\t\t\t\t\t<div class=\"e-con-inner\">\n\t\t\t\t<div class=\"elementor-element elementor-element-b4c7edb elementor-widget-divider--view-line elementor-widget elementor-widget-divider\" data-id=\"b4c7edb\" data-element_type=\"widget\" data-widget_type=\"divider.default\">\n\t\t\t\t<div class=\"elementor-widget-container\">\n\t\t\t<style>\/*! elementor - v3.21.0 - 24-04-2024 *\/\n.elementor-widget-divider{--divider-border-style:none;--divider-border-width:1px;--divider-color:#0c0d0e;--divider-icon-size:20px;--divider-element-spacing:10px;--divider-pattern-height:24px;--divider-pattern-size:20px;--divider-pattern-url:none;--divider-pattern-repeat:repeat-x}.elementor-widget-divider .elementor-divider{display:flex}.elementor-widget-divider .elementor-divider__text{font-size:15px;line-height:1;max-width:95%}.elementor-widget-divider .elementor-divider__element{margin:0 var(--divider-element-spacing);flex-shrink:0}.elementor-widget-divider .elementor-icon{font-size:var(--divider-icon-size)}.elementor-widget-divider .elementor-divider-separator{display:flex;margin:0;direction:ltr}.elementor-widget-divider--view-line_icon .elementor-divider-separator,.elementor-widget-divider--view-line_text .elementor-divider-separator{align-items:center}.elementor-widget-divider--view-line_icon .elementor-divider-separator:after,.elementor-widget-divider--view-line_icon .elementor-divider-separator:before,.elementor-widget-divider--view-line_text .elementor-divider-separator:after,.elementor-widget-divider--view-line_text .elementor-divider-separator:before{display:block;content:\"\";border-block-end:0;flex-grow:1;border-block-start:var(--divider-border-width) var(--divider-border-style) var(--divider-color)}.elementor-widget-divider--element-align-left .elementor-divider .elementor-divider-separator>.elementor-divider__svg:first-of-type{flex-grow:0;flex-shrink:100}.elementor-widget-divider--element-align-left .elementor-divider-separator:before{content:none}.elementor-widget-divider--element-align-left .elementor-divider__element{margin-left:0}.elementor-widget-divider--element-align-right .elementor-divider .elementor-divider-separator>.elementor-divider__svg:last-of-type{flex-grow:0;flex-shrink:100}.elementor-widget-divider--element-align-right .elementor-divider-separator:after{content:none}.elementor-widget-divider--element-align-right .elementor-divider__element{margin-right:0}.elementor-widget-divider--element-align-start .elementor-divider .elementor-divider-separator>.elementor-divider__svg:first-of-type{flex-grow:0;flex-shrink:100}.elementor-widget-divider--element-align-start .elementor-divider-separator:before{content:none}.elementor-widget-divider--element-align-start .elementor-divider__element{margin-inline-start:0}.elementor-widget-divider--element-align-end .elementor-divider .elementor-divider-separator>.elementor-divider__svg:last-of-type{flex-grow:0;flex-shrink:100}.elementor-widget-divider--element-align-end .elementor-divider-separator:after{content:none}.elementor-widget-divider--element-align-end .elementor-divider__element{margin-inline-end:0}.elementor-widget-divider:not(.elementor-widget-divider--view-line_text):not(.elementor-widget-divider--view-line_icon) .elementor-divider-separator{border-block-start:var(--divider-border-width) var(--divider-border-style) var(--divider-color)}.elementor-widget-divider--separator-type-pattern{--divider-border-style:none}.elementor-widget-divider--separator-type-pattern.elementor-widget-divider--view-line .elementor-divider-separator,.elementor-widget-divider--separator-type-pattern:not(.elementor-widget-divider--view-line) .elementor-divider-separator:after,.elementor-widget-divider--separator-type-pattern:not(.elementor-widget-divider--view-line) .elementor-divider-separator:before,.elementor-widget-divider--separator-type-pattern:not([class*=elementor-widget-divider--view]) .elementor-divider-separator{width:100%;min-height:var(--divider-pattern-height);-webkit-mask-size:var(--divider-pattern-size) 100%;mask-size:var(--divider-pattern-size) 100%;-webkit-mask-repeat:var(--divider-pattern-repeat);mask-repeat:var(--divider-pattern-repeat);background-color:var(--divider-color);-webkit-mask-image:var(--divider-pattern-url);mask-image:var(--divider-pattern-url)}.elementor-widget-divider--no-spacing{--divider-pattern-size:auto}.elementor-widget-divider--bg-round{--divider-pattern-repeat:round}.rtl .elementor-widget-divider .elementor-divider__text{direction:rtl}.e-con-inner>.elementor-widget-divider,.e-con>.elementor-widget-divider{width:var(--container-widget-width,100%);--flex-grow:var(--container-widget-flex-grow)}<\/style>\t\t<div class=\"elementor-divider\">\n\t\t\t<span class=\"elementor-divider-separator\">\n\t\t\t\t\t\t<\/span>\n\t\t<\/div>\n\t\t\t\t<\/div>\n\t\t\t\t<\/div>\n\t\t\t\t<div class=\"elementor-element elementor-element-8776f7d elementor-align-center cky-banner-element elementor-widget elementor-widget-button\" data-id=\"8776f7d\" data-element_type=\"widget\" data-widget_type=\"button.default\">\n\t\t\t\t<div class=\"elementor-widget-container\">\n\t\t\t\t\t<div class=\"elementor-button-wrapper\">\n\t\t\t<a class=\"elementor-button elementor-button-link elementor-size-sm\" href=\"#\">\n\t\t\t\t\t\t<span class=\"elementor-button-content-wrapper\">\n\t\t\t\t\t\t\t\t\t<span class=\"elementor-button-text\">Param\u00e9trer les cookies<\/span>\n\t\t\t\t\t<\/span>\n\t\t\t\t\t<\/a>\n\t\t<\/div>\n\t\t\t\t<\/div>\n\t\t\t\t<\/div>\n\t\t\t\t<div class=\"elementor-element elementor-element-846400e elementor-widget elementor-widget-spacer\" data-id=\"846400e\" data-element_type=\"widget\" data-widget_type=\"spacer.default\">\n\t\t\t\t<div class=\"elementor-widget-container\">\n\t\t\t\t\t<div class=\"elementor-spacer\">\n\t\t\t<div class=\"elementor-spacer-inner\"><\/div>\n\t\t<\/div>\n\t\t\t\t<\/div>\n\t\t\t\t<\/div>\n\t\t\t\t\t<\/div>\n\t\t\t\t<\/div>\n\t\t\t\t<\/div>\n\t\t","protected":false},"excerpt":{"rendered":"<p>Introduction Notre site utilise des cookies pour am\u00e9liorer votre exp\u00e9rience de navigation. En continuant \u00e0 utiliser notre site, vous acceptez notre utilisation de cookies. \u00a0 Les cookies, c\u2019est quoi\u00a0? Les\u00a0cookies\u00a0(souvent connus sous le nom de \u00ab\u00a0cookies Internet\u00a0\u00bb) sont des fichiers texte contenant de petits \u00e9l\u00e9ments de donn\u00e9es. Ils sont envoy\u00e9s par un site web et [&hellip;]<\/p>\n","protected":false},"author":1,"featured_media":0,"parent":0,"menu_order":0,"comment_status":"closed","ping_status":"closed","template":"","meta":{"ocean_post_layout":"","ocean_both_sidebars_style":"","ocean_both_sidebars_content_width":0,"ocean_both_sidebars_sidebars_width":0,"ocean_sidebar":"","ocean_second_sidebar":"","ocean_disable_margins":"enable","ocean_add_body_class":"","ocean_shortcode_before_top_bar":"","ocean_shortcode_after_top_bar":"","ocean_shortcode_before_header":"","ocean_shortcode_after_header":"","ocean_has_shortcode":"","ocean_shortcode_after_title":"","ocean_shortcode_before_footer_widgets":"","ocean_shortcode_after_footer_widgets":"","ocean_shortcode_before_footer_bottom":"","ocean_shortcode_after_footer_bottom":"","ocean_display_top_bar":"default","ocean_display_header":"default","ocean_header_style":"","ocean_center_header_left_menu":"","ocean_custom_header_template":"","ocean_custom_logo":0,"ocean_custom_retina_logo":0,"ocean_custom_logo_max_width":0,"ocean_custom_logo_tablet_max_width":0,"ocean_custom_logo_mobile_max_width":0,"ocean_custom_logo_max_height":0,"ocean_custom_logo_tablet_max_height":0,"ocean_custom_logo_mobile_max_height":0,"ocean_header_custom_menu":"","ocean_menu_typo_font_family":"","ocean_menu_typo_font_subset":"","ocean_menu_typo_font_size":0,"ocean_menu_typo_font_size_tablet":0,"ocean_menu_typo_font_size_mobile":0,"ocean_menu_typo_font_size_unit":"px","ocean_menu_typo_font_weight":"","ocean_menu_typo_font_weight_tablet":"","ocean_menu_typo_font_weight_mobile":"","ocean_menu_typo_transform":"","ocean_menu_typo_transform_tablet":"","ocean_menu_typo_transform_mobile":"","ocean_menu_typo_line_height":0,"ocean_menu_typo_line_height_tablet":0,"ocean_menu_typo_line_height_mobile":0,"ocean_menu_typo_line_height_unit":"","ocean_menu_typo_spacing":0,"ocean_menu_typo_spacing_tablet":0,"ocean_menu_typo_spacing_mobile":0,"ocean_menu_typo_spacing_unit":"","ocean_menu_link_color":"","ocean_menu_link_color_hover":"","ocean_menu_link_color_active":"","ocean_menu_link_background":"","ocean_menu_link_hover_background":"","ocean_menu_link_active_background":"","ocean_menu_social_links_bg":"","ocean_menu_social_hover_links_bg":"","ocean_menu_social_links_color":"","ocean_menu_social_hover_links_color":"","ocean_disable_title":"default","ocean_disable_heading":"default","ocean_post_title":"","ocean_post_subheading":"","ocean_post_title_style":"","ocean_post_title_background_color":"","ocean_post_title_background":0,"ocean_post_title_bg_image_position":"","ocean_post_title_bg_image_attachment":"","ocean_post_title_bg_image_repeat":"","ocean_post_title_bg_image_size":"","ocean_post_title_height":0,"ocean_post_title_bg_overlay":0.5,"ocean_post_title_bg_overlay_color":"","ocean_disable_breadcrumbs":"default","ocean_breadcrumbs_color":"","ocean_breadcrumbs_separator_color":"","ocean_breadcrumbs_links_color":"","ocean_breadcrumbs_links_hover_color":"","ocean_display_footer_widgets":"default","ocean_display_footer_bottom":"default","ocean_custom_footer_template":"","footnotes":""},"class_list":["post-2601","page","type-page","status-publish","hentry","entry"],"yoast_head":"<!-- This site is optimized with the Yoast SEO plugin v22.6 - https:\/\/yoast.com\/wordpress\/plugins\/seo\/ -->\n<title>Politique et gestion des cookies - Douze dix recrutement<\/title>\n<meta name=\"robots\" content=\"index, follow, max-snippet:-1, max-image-preview:large, max-video-preview:-1\" \/>\n<link rel=\"canonical\" href=\"https:\/\/douzedixrecrutement.fr\/index.php\/politique-de-confidentialite\/\" \/>\n<meta property=\"og:locale\" content=\"fr_FR\" \/>\n<meta property=\"og:type\" content=\"article\" \/>\n<meta property=\"og:title\" content=\"Politique et gestion des cookies - Douze dix recrutement\" \/>\n<meta property=\"og:description\" content=\"Introduction Notre site utilise des cookies pour am\u00e9liorer votre exp\u00e9rience de navigation. En continuant \u00e0 utiliser notre site, vous acceptez notre utilisation de cookies. \u00a0 Les cookies, c\u2019est quoi\u00a0? Les\u00a0cookies\u00a0(souvent connus sous le nom de \u00ab\u00a0cookies Internet\u00a0\u00bb) sont des fichiers texte contenant de petits \u00e9l\u00e9ments de donn\u00e9es. Ils sont envoy\u00e9s par un site web et [&hellip;]\" \/>\n<meta property=\"og:url\" content=\"https:\/\/douzedixrecrutement.fr\/index.php\/politique-de-confidentialite\/\" \/>\n<meta property=\"og:site_name\" content=\"Douze dix recrutement\" \/>\n<meta property=\"article:publisher\" content=\"https:\/\/www.linkedin.com\/company\/douzedixrecrutement\/\" \/>\n<meta property=\"article:modified_time\" content=\"2025-05-06T11:51:48+00:00\" \/>\n<meta property=\"og:image\" content=\"https:\/\/douzedixrecrutement.fr\/wp-content\/uploads\/2024\/05\/Douze-dix-recrutement-logo.png\" \/>\n\t<meta property=\"og:image:width\" content=\"500\" \/>\n\t<meta property=\"og:image:height\" content=\"500\" \/>\n\t<meta property=\"og:image:type\" content=\"image\/png\" \/>\n<meta name=\"twitter:card\" content=\"summary_large_image\" \/>\n<meta name=\"twitter:label1\" content=\"Dur\u00e9e de lecture estim\u00e9e\" \/>\n\t<meta name=\"twitter:data1\" content=\"3 minutes\" \/>\n<script type=\"application\/ld+json\" class=\"yoast-schema-graph\">{\"@context\":\"https:\/\/schema.org\",\"@graph\":[{\"@type\":\"WebPage\",\"@id\":\"https:\/\/douzedixrecrutement.fr\/index.php\/politique-de-confidentialite\/\",\"url\":\"https:\/\/douzedixrecrutement.fr\/index.php\/politique-de-confidentialite\/\",\"name\":\"Politique et gestion des cookies - Douze dix recrutement\",\"isPartOf\":{\"@id\":\"https:\/\/douzedixrecrutement.fr\/#website\"},\"datePublished\":\"2025-04-06T08:31:34+00:00\",\"dateModified\":\"2025-05-06T11:51:48+00:00\",\"breadcrumb\":{\"@id\":\"https:\/\/douzedixrecrutement.fr\/index.php\/politique-de-confidentialite\/#breadcrumb\"},\"inLanguage\":\"fr-FR\",\"potentialAction\":[{\"@type\":\"ReadAction\",\"target\":[\"https:\/\/douzedixrecrutement.fr\/index.php\/politique-de-confidentialite\/\"]}]},{\"@type\":\"BreadcrumbList\",\"@id\":\"https:\/\/douzedixrecrutement.fr\/index.php\/politique-de-confidentialite\/#breadcrumb\",\"itemListElement\":[{\"@type\":\"ListItem\",\"position\":1,\"name\":\"Accueil\",\"item\":\"https:\/\/douzedixrecrutement.fr\/\"},{\"@type\":\"ListItem\",\"position\":2,\"name\":\"Politique et gestion des cookies\"}]},{\"@type\":\"WebSite\",\"@id\":\"https:\/\/douzedixrecrutement.fr\/#website\",\"url\":\"https:\/\/douzedixrecrutement.fr\/\",\"name\":\"Douze dix recrutement\",\"description\":\"Cabinet de recrutement Ing\u00e9nieurs &amp; Techniciens\",\"publisher\":{\"@id\":\"https:\/\/douzedixrecrutement.fr\/#organization\"},\"potentialAction\":[{\"@type\":\"SearchAction\",\"target\":{\"@type\":\"EntryPoint\",\"urlTemplate\":\"https:\/\/douzedixrecrutement.fr\/?s={search_term_string}\"},\"query-input\":\"required name=search_term_string\"}],\"inLanguage\":\"fr-FR\"},{\"@type\":\"Organization\",\"@id\":\"https:\/\/douzedixrecrutement.fr\/#organization\",\"name\":\"Douze dix recrutement\",\"alternateName\":\"Douze dix\",\"url\":\"https:\/\/douzedixrecrutement.fr\/\",\"logo\":{\"@type\":\"ImageObject\",\"inLanguage\":\"fr-FR\",\"@id\":\"https:\/\/douzedixrecrutement.fr\/#\/schema\/logo\/image\/\",\"url\":\"https:\/\/douzedixrecrutement.fr\/wp-content\/uploads\/2024\/05\/Douze-dix-recrutement-logo.png\",\"contentUrl\":\"https:\/\/douzedixrecrutement.fr\/wp-content\/uploads\/2024\/05\/Douze-dix-recrutement-logo.png\",\"width\":500,\"height\":500,\"caption\":\"Douze dix recrutement\"},\"image\":{\"@id\":\"https:\/\/douzedixrecrutement.fr\/#\/schema\/logo\/image\/\"},\"sameAs\":[\"https:\/\/www.linkedin.com\/company\/douzedixrecrutement\/\"]}]}<\/script>\n<!-- \/ Yoast SEO plugin. -->","yoast_head_json":{"title":"Politique et gestion des cookies - Douze dix recrutement","robots":{"index":"index","follow":"follow","max-snippet":"max-snippet:-1","max-image-preview":"max-image-preview:large","max-video-preview":"max-video-preview:-1"},"canonical":"https:\/\/douzedixrecrutement.fr\/index.php\/politique-de-confidentialite\/","og_locale":"fr_FR","og_type":"article","og_title":"Politique et gestion des cookies - Douze dix recrutement","og_description":"Introduction Notre site utilise des cookies pour am\u00e9liorer votre exp\u00e9rience de navigation. En continuant \u00e0 utiliser notre site, vous acceptez notre utilisation de cookies. \u00a0 Les cookies, c\u2019est quoi\u00a0? Les\u00a0cookies\u00a0(souvent connus sous le nom de \u00ab\u00a0cookies Internet\u00a0\u00bb) sont des fichiers texte contenant de petits \u00e9l\u00e9ments de donn\u00e9es. Ils sont envoy\u00e9s par un site web et [&hellip;]","og_url":"https:\/\/douzedixrecrutement.fr\/index.php\/politique-de-confidentialite\/","og_site_name":"Douze dix recrutement","article_publisher":"https:\/\/www.linkedin.com\/company\/douzedixrecrutement\/","article_modified_time":"2025-05-06T11:51:48+00:00","og_image":[{"width":500,"height":500,"url":"https:\/\/douzedixrecrutement.fr\/wp-content\/uploads\/2024\/05\/Douze-dix-recrutement-logo.png","type":"image\/png"}],"twitter_card":"summary_large_image","twitter_misc":{"Dur\u00e9e de lecture estim\u00e9e":"3 minutes"},"schema":{"@context":"https:\/\/schema.org","@graph":[{"@type":"WebPage","@id":"https:\/\/douzedixrecrutement.fr\/index.php\/politique-de-confidentialite\/","url":"https:\/\/douzedixrecrutement.fr\/index.php\/politique-de-confidentialite\/","name":"Politique et gestion des cookies - Douze dix recrutement","isPartOf":{"@id":"https:\/\/douzedixrecrutement.fr\/#website"},"datePublished":"2025-04-06T08:31:34+00:00","dateModified":"2025-05-06T11:51:48+00:00","breadcrumb":{"@id":"https:\/\/douzedixrecrutement.fr\/index.php\/politique-de-confidentialite\/#breadcrumb"},"inLanguage":"fr-FR","potentialAction":[{"@type":"ReadAction","target":["https:\/\/douzedixrecrutement.fr\/index.php\/politique-de-confidentialite\/"]}]},{"@type":"BreadcrumbList","@id":"https:\/\/douzedixrecrutement.fr\/index.php\/politique-de-confidentialite\/#breadcrumb","itemListElement":[{"@type":"ListItem","position":1,"name":"Accueil","item":"https:\/\/douzedixrecrutement.fr\/"},{"@type":"ListItem","position":2,"name":"Politique et gestion des cookies"}]},{"@type":"WebSite","@id":"https:\/\/douzedixrecrutement.fr\/#website","url":"https:\/\/douzedixrecrutement.fr\/","name":"Douze dix recrutement","description":"Cabinet de recrutement Ing\u00e9nieurs &amp; Techniciens","publisher":{"@id":"https:\/\/douzedixrecrutement.fr\/#organization"},"potentialAction":[{"@type":"SearchAction","target":{"@type":"EntryPoint","urlTemplate":"https:\/\/douzedixrecrutement.fr\/?s={search_term_string}"},"query-input":"required name=search_term_string"}],"inLanguage":"fr-FR"},{"@type":"Organization","@id":"https:\/\/douzedixrecrutement.fr\/#organization","name":"Douze dix recrutement","alternateName":"Douze dix","url":"https:\/\/douzedixrecrutement.fr\/","logo":{"@type":"ImageObject","inLanguage":"fr-FR","@id":"https:\/\/douzedixrecrutement.fr\/#\/schema\/logo\/image\/","url":"https:\/\/douzedixrecrutement.fr\/wp-content\/uploads\/2024\/05\/Douze-dix-recrutement-logo.png","contentUrl":"https:\/\/douzedixrecrutement.fr\/wp-content\/uploads\/2024\/05\/Douze-dix-recrutement-logo.png","width":500,"height":500,"caption":"Douze dix recrutement"},"image":{"@id":"https:\/\/douzedixrecrutement.fr\/#\/schema\/logo\/image\/"},"sameAs":["https:\/\/www.linkedin.com\/company\/douzedixrecrutement\/"]}]}},"_links":{"self":[{"href":"https:\/\/douzedixrecrutement.fr\/index.php\/wp-json\/wp\/v2\/pages\/2601","targetHints":{"allow":["GET"]}}],"collection":[{"href":"https:\/\/douzedixrecrutement.fr\/index.php\/wp-json\/wp\/v2\/pages"}],"about":[{"href":"https:\/\/douzedixrecrutement.fr\/index.php\/wp-json\/wp\/v2\/types\/page"}],"author":[{"embeddable":true,"href":"https:\/\/douzedixrecrutement.fr\/index.php\/wp-json\/wp\/v2\/users\/1"}],"replies":[{"embeddable":true,"href":"https:\/\/douzedixrecrutement.fr\/index.php\/wp-json\/wp\/v2\/comments?post=2601"}],"version-history":[{"count":47,"href":"https:\/\/douzedixrecrutement.fr\/index.php\/wp-json\/wp\/v2\/pages\/2601\/revisions"}],"predecessor-version":[{"id":3170,"href":"https:\/\/douzedixrecrutement.fr\/index.php\/wp-json\/wp\/v2\/pages\/2601\/revisions\/3170"}],"wp:attachment":[{"href":"https:\/\/douzedixrecrutement.fr\/index.php\/wp-json\/wp\/v2\/media?parent=2601"}],"curies":[{"name":"wp","href":"https:\/\/api.w.org\/{rel}","templated":true}]}}