{"id":2651,"date":"2025-04-06T17:02:58","date_gmt":"2025-04-06T15:02:58","guid":{"rendered":"https:\/\/douzedixrecrutement.fr\/?page_id=2651"},"modified":"2025-08-22T10:07:10","modified_gmt":"2025-08-22T08:07:10","slug":"prendre-un-rendez-vous-par-visioconference","status":"publish","type":"page","link":"https:\/\/douzedixrecrutement.fr\/index.php\/prendre-un-rendez-vous-par-visioconference\/","title":{"rendered":"Rendez-vous visioconf\u00e9rence"},"content":{"rendered":"\t\t<div data-elementor-type=\"wp-page\" data-elementor-id=\"2651\" class=\"elementor elementor-2651\">\n\t\t\t\t<div class=\"elementor-element elementor-element-71afc53 e-con-full e-flex e-con e-parent\" data-id=\"71afc53\" data-element_type=\"container\">\n\t\t\t\t<div class=\"elementor-element elementor-element-66bdda7 elementor-widget elementor-widget-spacer\" data-id=\"66bdda7\" data-element_type=\"widget\" data-widget_type=\"spacer.default\">\n\t\t\t\t<div class=\"elementor-widget-container\">\n\t\t\t<style>\/*! elementor - v3.21.0 - 24-04-2024 *\/\n.elementor-column .elementor-spacer-inner{height:var(--spacer-size)}.e-con{--container-widget-width:100%}.e-con-inner>.elementor-widget-spacer,.e-con>.elementor-widget-spacer{width:var(--container-widget-width,var(--spacer-size));--align-self:var(--container-widget-align-self,initial);--flex-shrink:0}.e-con-inner>.elementor-widget-spacer>.elementor-widget-container,.e-con>.elementor-widget-spacer>.elementor-widget-container{height:100%;width:100%}.e-con-inner>.elementor-widget-spacer>.elementor-widget-container>.elementor-spacer,.e-con>.elementor-widget-spacer>.elementor-widget-container>.elementor-spacer{height:100%}.e-con-inner>.elementor-widget-spacer>.elementor-widget-container>.elementor-spacer>.elementor-spacer-inner,.e-con>.elementor-widget-spacer>.elementor-widget-container>.elementor-spacer>.elementor-spacer-inner{height:var(--container-widget-height,var(--spacer-size))}.e-con-inner>.elementor-widget-spacer.elementor-widget-empty,.e-con>.elementor-widget-spacer.elementor-widget-empty{position:relative;min-height:22px;min-width:22px}.e-con-inner>.elementor-widget-spacer.elementor-widget-empty .elementor-widget-empty-icon,.e-con>.elementor-widget-spacer.elementor-widget-empty .elementor-widget-empty-icon{position:absolute;top:0;bottom:0;left:0;right:0;margin:auto;padding:0;width:22px;height:22px}<\/style>\t\t<div class=\"elementor-spacer\">\n\t\t\t<div class=\"elementor-spacer-inner\"><\/div>\n\t\t<\/div>\n\t\t\t\t<\/div>\n\t\t\t\t<\/div>\n\t\t\t\t<div class=\"elementor-element elementor-element-a0027ba elementor-widget elementor-widget-heading\" data-id=\"a0027ba\" data-element_type=\"widget\" data-widget_type=\"heading.default\">\n\t\t\t\t<div class=\"elementor-widget-container\">\n\t\t\t<style>\/*! elementor - v3.21.0 - 24-04-2024 *\/\n.elementor-heading-title{padding:0;margin:0;line-height:1}.elementor-widget-heading .elementor-heading-title[class*=elementor-size-]>a{color:inherit;font-size:inherit;line-height:inherit}.elementor-widget-heading .elementor-heading-title.elementor-size-small{font-size:15px}.elementor-widget-heading .elementor-heading-title.elementor-size-medium{font-size:19px}.elementor-widget-heading .elementor-heading-title.elementor-size-large{font-size:29px}.elementor-widget-heading .elementor-heading-title.elementor-size-xl{font-size:39px}.elementor-widget-heading .elementor-heading-title.elementor-size-xxl{font-size:59px}<\/style><h2 class=\"elementor-heading-title elementor-size-default\">Programmer un premier \u00e9change<\/h2>\t\t<\/div>\n\t\t\t\t<\/div>\n\t\t\t\t<div class=\"elementor-element elementor-element-832ad18 elementor-widget elementor-widget-spacer\" data-id=\"832ad18\" data-element_type=\"widget\" data-widget_type=\"spacer.default\">\n\t\t\t\t<div class=\"elementor-widget-container\">\n\t\t\t\t\t<div class=\"elementor-spacer\">\n\t\t\t<div class=\"elementor-spacer-inner\"><\/div>\n\t\t<\/div>\n\t\t\t\t<\/div>\n\t\t\t\t<\/div>\n\t\t\t\t<div class=\"elementor-element elementor-element-ac9bb39 elementor-widget elementor-widget-text-editor\" data-id=\"ac9bb39\" data-element_type=\"widget\" data-widget_type=\"text-editor.default\">\n\t\t\t\t<div class=\"elementor-widget-container\">\n\t\t\t<style>\/*! elementor - v3.21.0 - 24-04-2024 *\/\n.elementor-widget-text-editor.elementor-drop-cap-view-stacked .elementor-drop-cap{background-color:#69727d;color:#fff}.elementor-widget-text-editor.elementor-drop-cap-view-framed .elementor-drop-cap{color:#69727d;border:3px solid;background-color:transparent}.elementor-widget-text-editor:not(.elementor-drop-cap-view-default) .elementor-drop-cap{margin-top:8px}.elementor-widget-text-editor:not(.elementor-drop-cap-view-default) .elementor-drop-cap-letter{width:1em;height:1em}.elementor-widget-text-editor .elementor-drop-cap{float:left;text-align:center;line-height:1;font-size:50px}.elementor-widget-text-editor .elementor-drop-cap-letter{display:inline-block}<\/style>\t\t\t\t<p>Vous souhaitez nous conna\u00eetre ou nous confier un recrutement : cliquez sur le lien ci-dessous pour prendre rendez-vous.<\/p>\t\t\t\t\t\t<\/div>\n\t\t\t\t<\/div>\n\t\t\t\t<div class=\"elementor-element elementor-element-6a603aa elementor-widget-divider--view-line elementor-widget elementor-widget-divider\" data-id=\"6a603aa\" data-element_type=\"widget\" data-widget_type=\"divider.default\">\n\t\t\t\t<div class=\"elementor-widget-container\">\n\t\t\t<style>\/*! elementor - v3.21.0 - 24-04-2024 *\/\n.elementor-widget-divider{--divider-border-style:none;--divider-border-width:1px;--divider-color:#0c0d0e;--divider-icon-size:20px;--divider-element-spacing:10px;--divider-pattern-height:24px;--divider-pattern-size:20px;--divider-pattern-url:none;--divider-pattern-repeat:repeat-x}.elementor-widget-divider .elementor-divider{display:flex}.elementor-widget-divider .elementor-divider__text{font-size:15px;line-height:1;max-width:95%}.elementor-widget-divider .elementor-divider__element{margin:0 var(--divider-element-spacing);flex-shrink:0}.elementor-widget-divider .elementor-icon{font-size:var(--divider-icon-size)}.elementor-widget-divider .elementor-divider-separator{display:flex;margin:0;direction:ltr}.elementor-widget-divider--view-line_icon .elementor-divider-separator,.elementor-widget-divider--view-line_text .elementor-divider-separator{align-items:center}.elementor-widget-divider--view-line_icon .elementor-divider-separator:after,.elementor-widget-divider--view-line_icon .elementor-divider-separator:before,.elementor-widget-divider--view-line_text .elementor-divider-separator:after,.elementor-widget-divider--view-line_text .elementor-divider-separator:before{display:block;content:\"\";border-block-end:0;flex-grow:1;border-block-start:var(--divider-border-width) var(--divider-border-style) var(--divider-color)}.elementor-widget-divider--element-align-left .elementor-divider .elementor-divider-separator>.elementor-divider__svg:first-of-type{flex-grow:0;flex-shrink:100}.elementor-widget-divider--element-align-left .elementor-divider-separator:before{content:none}.elementor-widget-divider--element-align-left .elementor-divider__element{margin-left:0}.elementor-widget-divider--element-align-right .elementor-divider .elementor-divider-separator>.elementor-divider__svg:last-of-type{flex-grow:0;flex-shrink:100}.elementor-widget-divider--element-align-right .elementor-divider-separator:after{content:none}.elementor-widget-divider--element-align-right .elementor-divider__element{margin-right:0}.elementor-widget-divider--element-align-start .elementor-divider .elementor-divider-separator>.elementor-divider__svg:first-of-type{flex-grow:0;flex-shrink:100}.elementor-widget-divider--element-align-start .elementor-divider-separator:before{content:none}.elementor-widget-divider--element-align-start .elementor-divider__element{margin-inline-start:0}.elementor-widget-divider--element-align-end .elementor-divider .elementor-divider-separator>.elementor-divider__svg:last-of-type{flex-grow:0;flex-shrink:100}.elementor-widget-divider--element-align-end .elementor-divider-separator:after{content:none}.elementor-widget-divider--element-align-end .elementor-divider__element{margin-inline-end:0}.elementor-widget-divider:not(.elementor-widget-divider--view-line_text):not(.elementor-widget-divider--view-line_icon) .elementor-divider-separator{border-block-start:var(--divider-border-width) var(--divider-border-style) var(--divider-color)}.elementor-widget-divider--separator-type-pattern{--divider-border-style:none}.elementor-widget-divider--separator-type-pattern.elementor-widget-divider--view-line .elementor-divider-separator,.elementor-widget-divider--separator-type-pattern:not(.elementor-widget-divider--view-line) .elementor-divider-separator:after,.elementor-widget-divider--separator-type-pattern:not(.elementor-widget-divider--view-line) .elementor-divider-separator:before,.elementor-widget-divider--separator-type-pattern:not([class*=elementor-widget-divider--view]) .elementor-divider-separator{width:100%;min-height:var(--divider-pattern-height);-webkit-mask-size:var(--divider-pattern-size) 100%;mask-size:var(--divider-pattern-size) 100%;-webkit-mask-repeat:var(--divider-pattern-repeat);mask-repeat:var(--divider-pattern-repeat);background-color:var(--divider-color);-webkit-mask-image:var(--divider-pattern-url);mask-image:var(--divider-pattern-url)}.elementor-widget-divider--no-spacing{--divider-pattern-size:auto}.elementor-widget-divider--bg-round{--divider-pattern-repeat:round}.rtl .elementor-widget-divider .elementor-divider__text{direction:rtl}.e-con-inner>.elementor-widget-divider,.e-con>.elementor-widget-divider{width:var(--container-widget-width,100%);--flex-grow:var(--container-widget-flex-grow)}<\/style>\t\t<div class=\"elementor-divider\">\n\t\t\t<span class=\"elementor-divider-separator\">\n\t\t\t\t\t\t<\/span>\n\t\t<\/div>\n\t\t\t\t<\/div>\n\t\t\t\t<\/div>\n\t\t\t\t<div class=\"elementor-element elementor-element-fbffc87 elementor-align-center elementor-widget elementor-widget-button\" data-id=\"fbffc87\" data-element_type=\"widget\" data-widget_type=\"button.default\">\n\t\t\t\t<div class=\"elementor-widget-container\">\n\t\t\t\t\t<div class=\"elementor-button-wrapper\">\n\t\t\t<a class=\"elementor-button elementor-button-link elementor-size-sm\" href=\"https:\/\/app.lemcal.com\/@julien-foucher-douze-dix-recrutement\/30-minutes?leadId=lea_oaYpXtZY68XP27BJf\" target=\"_blank\">\n\t\t\t\t\t\t<span class=\"elementor-button-content-wrapper\">\n\t\t\t\t\t\t<span class=\"elementor-button-icon elementor-align-icon-left\">\n\t\t\t\t<svg aria-hidden=\"true\" class=\"e-font-icon-svg e-far-calendar-alt\" viewBox=\"0 0 448 512\" xmlns=\"http:\/\/www.w3.org\/2000\/svg\"><path d=\"M148 288h-40c-6.6 0-12-5.4-12-12v-40c0-6.6 5.4-12 12-12h40c6.6 0 12 5.4 12 12v40c0 6.6-5.4 12-12 12zm108-12v-40c0-6.6-5.4-12-12-12h-40c-6.6 0-12 5.4-12 12v40c0 6.6 5.4 12 12 12h40c6.6 0 12-5.4 12-12zm96 0v-40c0-6.6-5.4-12-12-12h-40c-6.6 0-12 5.4-12 12v40c0 6.6 5.4 12 12 12h40c6.6 0 12-5.4 12-12zm-96 96v-40c0-6.6-5.4-12-12-12h-40c-6.6 0-12 5.4-12 12v40c0 6.6 5.4 12 12 12h40c6.6 0 12-5.4 12-12zm-96 0v-40c0-6.6-5.4-12-12-12h-40c-6.6 0-12 5.4-12 12v40c0 6.6 5.4 12 12 12h40c6.6 0 12-5.4 12-12zm192 0v-40c0-6.6-5.4-12-12-12h-40c-6.6 0-12 5.4-12 12v40c0 6.6 5.4 12 12 12h40c6.6 0 12-5.4 12-12zm96-260v352c0 26.5-21.5 48-48 48H48c-26.5 0-48-21.5-48-48V112c0-26.5 21.5-48 48-48h48V12c0-6.6 5.4-12 12-12h40c6.6 0 12 5.4 12 12v52h128V12c0-6.6 5.4-12 12-12h40c6.6 0 12 5.4 12 12v52h48c26.5 0 48 21.5 48 48zm-48 346V160H48v298c0 3.3 2.7 6 6 6h340c3.3 0 6-2.7 6-6z\"><\/path><\/svg>\t\t\t<\/span>\n\t\t\t\t\t\t\t\t\t<span class=\"elementor-button-text\">Rendez-vous visioconf\u00e9rence<\/span>\n\t\t\t\t\t<\/span>\n\t\t\t\t\t<\/a>\n\t\t<\/div>\n\t\t\t\t<\/div>\n\t\t\t\t<\/div>\n\t\t\t\t<div class=\"elementor-element elementor-element-f2083f9 elementor-widget elementor-widget-spacer\" data-id=\"f2083f9\" data-element_type=\"widget\" data-widget_type=\"spacer.default\">\n\t\t\t\t<div class=\"elementor-widget-container\">\n\t\t\t\t\t<div class=\"elementor-spacer\">\n\t\t\t<div class=\"elementor-spacer-inner\"><\/div>\n\t\t<\/div>\n\t\t\t\t<\/div>\n\t\t\t\t<\/div>\n\t\t\t\t<div class=\"elementor-element elementor-element-67a734e elementor-widget elementor-widget-text-editor\" data-id=\"67a734e\" data-element_type=\"widget\" data-widget_type=\"text-editor.default\">\n\t\t\t\t<div class=\"elementor-widget-container\">\n\t\t\t\t\t\t\t<p>Vous \u00eates souvent en d\u00e9placement ou sur le terrain ? Vous pr\u00e9f\u00e9rez un \u00e9change par t\u00e9l\u00e9phone ?<\/p><p>Transmettez-nous vos coordonn\u00e9es, nous vous recontacterons au plus vite.\u00a0<\/p>\t\t\t\t\t\t<\/div>\n\t\t\t\t<\/div>\n\t\t\t\t<div class=\"elementor-element elementor-element-3f3dccf elementor-widget elementor-widget-spacer\" data-id=\"3f3dccf\" data-element_type=\"widget\" data-widget_type=\"spacer.default\">\n\t\t\t\t<div class=\"elementor-widget-container\">\n\t\t\t\t\t<div class=\"elementor-spacer\">\n\t\t\t<div class=\"elementor-spacer-inner\"><\/div>\n\t\t<\/div>\n\t\t\t\t<\/div>\n\t\t\t\t<\/div>\n\t\t\t\t<div class=\"elementor-element elementor-element-96c6417 elementor-align-center elementor-widget elementor-widget-button\" data-id=\"96c6417\" data-element_type=\"widget\" data-widget_type=\"button.default\">\n\t\t\t\t<div class=\"elementor-widget-container\">\n\t\t\t\t\t<div class=\"elementor-button-wrapper\">\n\t\t\t<a class=\"elementor-button elementor-button-link elementor-size-sm\" href=\"https:\/\/douzedixrecrutement.fr\/index.php\/cabinet-de-recrutement-des-ingenieurs-techniciens-en-industrie-4\/\">\n\t\t\t\t\t\t<span class=\"elementor-button-content-wrapper\">\n\t\t\t\t\t\t<span class=\"elementor-button-icon elementor-align-icon-left\">\n\t\t\t\t<svg aria-hidden=\"true\" class=\"e-font-icon-svg e-fas-phone-alt\" viewBox=\"0 0 512 512\" xmlns=\"http:\/\/www.w3.org\/2000\/svg\"><path d=\"M497.39 361.8l-112-48a24 24 0 0 0-28 6.9l-49.6 60.6A370.66 370.66 0 0 1 130.6 204.11l60.6-49.6a23.94 23.94 0 0 0 6.9-28l-48-112A24.16 24.16 0 0 0 122.6.61l-104 24A24 24 0 0 0 0 48c0 256.5 207.9 464 464 464a24 24 0 0 0 23.4-18.6l24-104a24.29 24.29 0 0 0-14.01-27.6z\"><\/path><\/svg>\t\t\t<\/span>\n\t\t\t\t\t\t\t\t\t<span class=\"elementor-button-text\">Echange t\u00e9l\u00e9phonique<\/span>\n\t\t\t\t\t<\/span>\n\t\t\t\t\t<\/a>\n\t\t<\/div>\n\t\t\t\t<\/div>\n\t\t\t\t<\/div>\n\t\t\t\t<div class=\"elementor-element elementor-element-048cb4c elementor-widget elementor-widget-spacer\" data-id=\"048cb4c\" data-element_type=\"widget\" data-widget_type=\"spacer.default\">\n\t\t\t\t<div class=\"elementor-widget-container\">\n\t\t\t\t\t<div class=\"elementor-spacer\">\n\t\t\t<div class=\"elementor-spacer-inner\"><\/div>\n\t\t<\/div>\n\t\t\t\t<\/div>\n\t\t\t\t<\/div>\n\t\t\t\t<\/div>\n\t\t\t\t<\/div>\n\t\t","protected":false},"excerpt":{"rendered":"<p>Programmer un premier \u00e9change Vous souhaitez nous conna\u00eetre ou nous confier un recrutement : cliquez sur le lien ci-dessous pour prendre rendez-vous. Rendez-vous visioconf\u00e9rence Vous \u00eates souvent en d\u00e9placement ou sur le terrain ? Vous pr\u00e9f\u00e9rez un \u00e9change par t\u00e9l\u00e9phone ? Transmettez-nous vos coordonn\u00e9es, nous vous recontacterons au plus vite.\u00a0 Echange t\u00e9l\u00e9phonique<\/p>\n","protected":false},"author":1,"featured_media":0,"parent":0,"menu_order":0,"comment_status":"closed","ping_status":"closed","template":"","meta":{"ocean_post_layout":"","ocean_both_sidebars_style":"","ocean_both_sidebars_content_width":0,"ocean_both_sidebars_sidebars_width":0,"ocean_sidebar":"","ocean_second_sidebar":"","ocean_disable_margins":"enable","ocean_add_body_class":"","ocean_shortcode_before_top_bar":"","ocean_shortcode_after_top_bar":"","ocean_shortcode_before_header":"","ocean_shortcode_after_header":"","ocean_has_shortcode":"","ocean_shortcode_after_title":"","ocean_shortcode_before_footer_widgets":"","ocean_shortcode_after_footer_widgets":"","ocean_shortcode_before_footer_bottom":"","ocean_shortcode_after_footer_bottom":"","ocean_display_top_bar":"default","ocean_display_header":"default","ocean_header_style":"","ocean_center_header_left_menu":"","ocean_custom_header_template":"","ocean_custom_logo":0,"ocean_custom_retina_logo":0,"ocean_custom_logo_max_width":0,"ocean_custom_logo_tablet_max_width":0,"ocean_custom_logo_mobile_max_width":0,"ocean_custom_logo_max_height":0,"ocean_custom_logo_tablet_max_height":0,"ocean_custom_logo_mobile_max_height":0,"ocean_header_custom_menu":"","ocean_menu_typo_font_family":"","ocean_menu_typo_font_subset":"","ocean_menu_typo_font_size":0,"ocean_menu_typo_font_size_tablet":0,"ocean_menu_typo_font_size_mobile":0,"ocean_menu_typo_font_size_unit":"px","ocean_menu_typo_font_weight":"","ocean_menu_typo_font_weight_tablet":"","ocean_menu_typo_font_weight_mobile":"","ocean_menu_typo_transform":"","ocean_menu_typo_transform_tablet":"","ocean_menu_typo_transform_mobile":"","ocean_menu_typo_line_height":0,"ocean_menu_typo_line_height_tablet":0,"ocean_menu_typo_line_height_mobile":0,"ocean_menu_typo_line_height_unit":"","ocean_menu_typo_spacing":0,"ocean_menu_typo_spacing_tablet":0,"ocean_menu_typo_spacing_mobile":0,"ocean_menu_typo_spacing_unit":"","ocean_menu_link_color":"","ocean_menu_link_color_hover":"","ocean_menu_link_color_active":"","ocean_menu_link_background":"","ocean_menu_link_hover_background":"","ocean_menu_link_active_background":"","ocean_menu_social_links_bg":"","ocean_menu_social_hover_links_bg":"","ocean_menu_social_links_color":"","ocean_menu_social_hover_links_color":"","ocean_disable_title":"default","ocean_disable_heading":"default","ocean_post_title":"","ocean_post_subheading":"","ocean_post_title_style":"","ocean_post_title_background_color":"","ocean_post_title_background":0,"ocean_post_title_bg_image_position":"","ocean_post_title_bg_image_attachment":"","ocean_post_title_bg_image_repeat":"","ocean_post_title_bg_image_size":"","ocean_post_title_height":0,"ocean_post_title_bg_overlay":0.5,"ocean_post_title_bg_overlay_color":"","ocean_disable_breadcrumbs":"default","ocean_breadcrumbs_color":"","ocean_breadcrumbs_separator_color":"","ocean_breadcrumbs_links_color":"","ocean_breadcrumbs_links_hover_color":"","ocean_display_footer_widgets":"default","ocean_display_footer_bottom":"default","ocean_custom_footer_template":"","footnotes":""},"class_list":["post-2651","page","type-page","status-publish","hentry","entry"],"yoast_head":"<!-- This site is optimized with the Yoast SEO plugin v22.6 - https:\/\/yoast.com\/wordpress\/plugins\/seo\/ -->\n<title>Rendez-vous visioconf\u00e9rence - Douze dix recrutement<\/title>\n<meta name=\"robots\" content=\"index, follow, max-snippet:-1, max-image-preview:large, max-video-preview:-1\" \/>\n<link rel=\"canonical\" href=\"https:\/\/douzedixrecrutement.fr\/index.php\/prendre-un-rendez-vous-par-visioconference\/\" \/>\n<meta property=\"og:locale\" content=\"fr_FR\" \/>\n<meta property=\"og:type\" content=\"article\" \/>\n<meta property=\"og:title\" content=\"Rendez-vous visioconf\u00e9rence - Douze dix recrutement\" \/>\n<meta property=\"og:description\" content=\"Programmer un premier \u00e9change Vous souhaitez nous conna\u00eetre ou nous confier un recrutement : cliquez sur le lien ci-dessous pour prendre rendez-vous. Rendez-vous visioconf\u00e9rence Vous \u00eates souvent en d\u00e9placement ou sur le terrain ? Vous pr\u00e9f\u00e9rez un \u00e9change par t\u00e9l\u00e9phone ? Transmettez-nous vos coordonn\u00e9es, nous vous recontacterons au plus vite.\u00a0 Echange t\u00e9l\u00e9phonique\" \/>\n<meta property=\"og:url\" content=\"https:\/\/douzedixrecrutement.fr\/index.php\/prendre-un-rendez-vous-par-visioconference\/\" \/>\n<meta property=\"og:site_name\" content=\"Douze dix recrutement\" \/>\n<meta property=\"article:publisher\" content=\"https:\/\/www.linkedin.com\/company\/douzedixrecrutement\/\" \/>\n<meta property=\"article:modified_time\" content=\"2025-08-22T08:07:10+00:00\" \/>\n<meta property=\"og:image\" content=\"https:\/\/douzedixrecrutement.fr\/wp-content\/uploads\/2024\/05\/Douze-dix-recrutement-logo.png\" \/>\n\t<meta property=\"og:image:width\" content=\"500\" \/>\n\t<meta property=\"og:image:height\" content=\"500\" \/>\n\t<meta property=\"og:image:type\" content=\"image\/png\" \/>\n<meta name=\"twitter:card\" content=\"summary_large_image\" \/>\n<meta name=\"twitter:label1\" content=\"Dur\u00e9e de lecture estim\u00e9e\" \/>\n\t<meta name=\"twitter:data1\" content=\"1 minute\" \/>\n<script type=\"application\/ld+json\" class=\"yoast-schema-graph\">{\"@context\":\"https:\/\/schema.org\",\"@graph\":[{\"@type\":\"WebPage\",\"@id\":\"https:\/\/douzedixrecrutement.fr\/index.php\/prendre-un-rendez-vous-par-visioconference\/\",\"url\":\"https:\/\/douzedixrecrutement.fr\/index.php\/prendre-un-rendez-vous-par-visioconference\/\",\"name\":\"Rendez-vous visioconf\u00e9rence - Douze dix recrutement\",\"isPartOf\":{\"@id\":\"https:\/\/douzedixrecrutement.fr\/#website\"},\"datePublished\":\"2025-04-06T15:02:58+00:00\",\"dateModified\":\"2025-08-22T08:07:10+00:00\",\"breadcrumb\":{\"@id\":\"https:\/\/douzedixrecrutement.fr\/index.php\/prendre-un-rendez-vous-par-visioconference\/#breadcrumb\"},\"inLanguage\":\"fr-FR\",\"potentialAction\":[{\"@type\":\"ReadAction\",\"target\":[\"https:\/\/douzedixrecrutement.fr\/index.php\/prendre-un-rendez-vous-par-visioconference\/\"]}]},{\"@type\":\"BreadcrumbList\",\"@id\":\"https:\/\/douzedixrecrutement.fr\/index.php\/prendre-un-rendez-vous-par-visioconference\/#breadcrumb\",\"itemListElement\":[{\"@type\":\"ListItem\",\"position\":1,\"name\":\"Accueil\",\"item\":\"https:\/\/douzedixrecrutement.fr\/\"},{\"@type\":\"ListItem\",\"position\":2,\"name\":\"Rendez-vous visioconf\u00e9rence\"}]},{\"@type\":\"WebSite\",\"@id\":\"https:\/\/douzedixrecrutement.fr\/#website\",\"url\":\"https:\/\/douzedixrecrutement.fr\/\",\"name\":\"Douze dix recrutement\",\"description\":\"Cabinet de recrutement Ing\u00e9nieurs &amp; Techniciens\",\"publisher\":{\"@id\":\"https:\/\/douzedixrecrutement.fr\/#organization\"},\"potentialAction\":[{\"@type\":\"SearchAction\",\"target\":{\"@type\":\"EntryPoint\",\"urlTemplate\":\"https:\/\/douzedixrecrutement.fr\/?s={search_term_string}\"},\"query-input\":\"required name=search_term_string\"}],\"inLanguage\":\"fr-FR\"},{\"@type\":\"Organization\",\"@id\":\"https:\/\/douzedixrecrutement.fr\/#organization\",\"name\":\"Douze dix recrutement\",\"alternateName\":\"Douze dix\",\"url\":\"https:\/\/douzedixrecrutement.fr\/\",\"logo\":{\"@type\":\"ImageObject\",\"inLanguage\":\"fr-FR\",\"@id\":\"https:\/\/douzedixrecrutement.fr\/#\/schema\/logo\/image\/\",\"url\":\"https:\/\/douzedixrecrutement.fr\/wp-content\/uploads\/2024\/05\/Douze-dix-recrutement-logo.png\",\"contentUrl\":\"https:\/\/douzedixrecrutement.fr\/wp-content\/uploads\/2024\/05\/Douze-dix-recrutement-logo.png\",\"width\":500,\"height\":500,\"caption\":\"Douze dix recrutement\"},\"image\":{\"@id\":\"https:\/\/douzedixrecrutement.fr\/#\/schema\/logo\/image\/\"},\"sameAs\":[\"https:\/\/www.linkedin.com\/company\/douzedixrecrutement\/\"]}]}<\/script>\n<!-- \/ Yoast SEO plugin. -->","yoast_head_json":{"title":"Rendez-vous visioconf\u00e9rence - Douze dix recrutement","robots":{"index":"index","follow":"follow","max-snippet":"max-snippet:-1","max-image-preview":"max-image-preview:large","max-video-preview":"max-video-preview:-1"},"canonical":"https:\/\/douzedixrecrutement.fr\/index.php\/prendre-un-rendez-vous-par-visioconference\/","og_locale":"fr_FR","og_type":"article","og_title":"Rendez-vous visioconf\u00e9rence - Douze dix recrutement","og_description":"Programmer un premier \u00e9change Vous souhaitez nous conna\u00eetre ou nous confier un recrutement : cliquez sur le lien ci-dessous pour prendre rendez-vous. Rendez-vous visioconf\u00e9rence Vous \u00eates souvent en d\u00e9placement ou sur le terrain ? Vous pr\u00e9f\u00e9rez un \u00e9change par t\u00e9l\u00e9phone ? Transmettez-nous vos coordonn\u00e9es, nous vous recontacterons au plus vite.\u00a0 Echange t\u00e9l\u00e9phonique","og_url":"https:\/\/douzedixrecrutement.fr\/index.php\/prendre-un-rendez-vous-par-visioconference\/","og_site_name":"Douze dix recrutement","article_publisher":"https:\/\/www.linkedin.com\/company\/douzedixrecrutement\/","article_modified_time":"2025-08-22T08:07:10+00:00","og_image":[{"width":500,"height":500,"url":"https:\/\/douzedixrecrutement.fr\/wp-content\/uploads\/2024\/05\/Douze-dix-recrutement-logo.png","type":"image\/png"}],"twitter_card":"summary_large_image","twitter_misc":{"Dur\u00e9e de lecture estim\u00e9e":"1 minute"},"schema":{"@context":"https:\/\/schema.org","@graph":[{"@type":"WebPage","@id":"https:\/\/douzedixrecrutement.fr\/index.php\/prendre-un-rendez-vous-par-visioconference\/","url":"https:\/\/douzedixrecrutement.fr\/index.php\/prendre-un-rendez-vous-par-visioconference\/","name":"Rendez-vous visioconf\u00e9rence - Douze dix recrutement","isPartOf":{"@id":"https:\/\/douzedixrecrutement.fr\/#website"},"datePublished":"2025-04-06T15:02:58+00:00","dateModified":"2025-08-22T08:07:10+00:00","breadcrumb":{"@id":"https:\/\/douzedixrecrutement.fr\/index.php\/prendre-un-rendez-vous-par-visioconference\/#breadcrumb"},"inLanguage":"fr-FR","potentialAction":[{"@type":"ReadAction","target":["https:\/\/douzedixrecrutement.fr\/index.php\/prendre-un-rendez-vous-par-visioconference\/"]}]},{"@type":"BreadcrumbList","@id":"https:\/\/douzedixrecrutement.fr\/index.php\/prendre-un-rendez-vous-par-visioconference\/#breadcrumb","itemListElement":[{"@type":"ListItem","position":1,"name":"Accueil","item":"https:\/\/douzedixrecrutement.fr\/"},{"@type":"ListItem","position":2,"name":"Rendez-vous visioconf\u00e9rence"}]},{"@type":"WebSite","@id":"https:\/\/douzedixrecrutement.fr\/#website","url":"https:\/\/douzedixrecrutement.fr\/","name":"Douze dix recrutement","description":"Cabinet de recrutement Ing\u00e9nieurs &amp; Techniciens","publisher":{"@id":"https:\/\/douzedixrecrutement.fr\/#organization"},"potentialAction":[{"@type":"SearchAction","target":{"@type":"EntryPoint","urlTemplate":"https:\/\/douzedixrecrutement.fr\/?s={search_term_string}"},"query-input":"required name=search_term_string"}],"inLanguage":"fr-FR"},{"@type":"Organization","@id":"https:\/\/douzedixrecrutement.fr\/#organization","name":"Douze dix recrutement","alternateName":"Douze dix","url":"https:\/\/douzedixrecrutement.fr\/","logo":{"@type":"ImageObject","inLanguage":"fr-FR","@id":"https:\/\/douzedixrecrutement.fr\/#\/schema\/logo\/image\/","url":"https:\/\/douzedixrecrutement.fr\/wp-content\/uploads\/2024\/05\/Douze-dix-recrutement-logo.png","contentUrl":"https:\/\/douzedixrecrutement.fr\/wp-content\/uploads\/2024\/05\/Douze-dix-recrutement-logo.png","width":500,"height":500,"caption":"Douze dix recrutement"},"image":{"@id":"https:\/\/douzedixrecrutement.fr\/#\/schema\/logo\/image\/"},"sameAs":["https:\/\/www.linkedin.com\/company\/douzedixrecrutement\/"]}]}},"_links":{"self":[{"href":"https:\/\/douzedixrecrutement.fr\/index.php\/wp-json\/wp\/v2\/pages\/2651","targetHints":{"allow":["GET"]}}],"collection":[{"href":"https:\/\/douzedixrecrutement.fr\/index.php\/wp-json\/wp\/v2\/pages"}],"about":[{"href":"https:\/\/douzedixrecrutement.fr\/index.php\/wp-json\/wp\/v2\/types\/page"}],"author":[{"embeddable":true,"href":"https:\/\/douzedixrecrutement.fr\/index.php\/wp-json\/wp\/v2\/users\/1"}],"replies":[{"embeddable":true,"href":"https:\/\/douzedixrecrutement.fr\/index.php\/wp-json\/wp\/v2\/comments?post=2651"}],"version-history":[{"count":132,"href":"https:\/\/douzedixrecrutement.fr\/index.php\/wp-json\/wp\/v2\/pages\/2651\/revisions"}],"predecessor-version":[{"id":4796,"href":"https:\/\/douzedixrecrutement.fr\/index.php\/wp-json\/wp\/v2\/pages\/2651\/revisions\/4796"}],"wp:attachment":[{"href":"https:\/\/douzedixrecrutement.fr\/index.php\/wp-json\/wp\/v2\/media?parent=2651"}],"curies":[{"name":"wp","href":"https:\/\/api.w.org\/{rel}","templated":true}]}}